{"id":97,"date":"2020-12-11T09:28:02","date_gmt":"2020-12-11T09:28:02","guid":{"rendered":"https:\/\/osonakas.edu.ba\/?page_id=97"},"modified":"2025-09-03T12:02:55","modified_gmt":"2025-09-03T10:02:55","slug":"vannnastavno-osoblje","status":"publish","type":"page","link":"https:\/\/osonakas.edu.ba\/?page_id=97","title":{"rendered":"Vannastavno osoblje"},"content":{"rendered":"<p>DOMAR: Muhamed Kari\u0107<\/p>\n<p>SERVIRKA: Mirsada D\u017eihani\u0107<\/p>\n<p>DNEVNI \u010cUVARI: Amer Turudija, Nezafet Dedovi\u0107<\/p>\n<p>RADNICE NA ODR\u017dAVANJU \u010cISTO\u0106E:<\/p>\n<p>Sabaheta Radmilovi\u0107<br \/>\nAi\u0161a D\u017eevlan<br \/>\nVladavi\u0107 Safija<br \/>\nMuamera D\u017eindo<\/p>\n","protected":false},"excerpt":{"rendered":"<p>DOMAR: Muhamed Kari\u0107 SERVIRKA: Mirsada D\u017eihani\u0107 DNEVNI \u010cUVARI: Amer Turudija, Nezafet Dedovi\u0107 RADNICE NA ODR\u017dAVANJU \u010cISTO\u0106E: Sabaheta Radmilovi\u0107 Ai\u0161a D\u017eevlan Vladavi\u0107 Safija Muamera D\u017eindo<\/p>\n","protected":false},"author":2,"featured_media":0,"parent":0,"menu_order":0,"comment_status":"closed","ping_status":"closed","template":"","meta":[],"yoast_head":"<!-- This site is optimized with the Yoast SEO plugin v17.3 - https:\/\/yoast.com\/wordpress\/plugins\/seo\/ -->\n<title>Vannastavno osoblje - Osnovna \u0161kola &quot;Osman Naka\u0161&quot;<\/title>\n<meta name=\"robots\" content=\"index, follow, max-snippet:-1, max-image-preview:large, max-video-preview:-1\" \/>\n<link rel=\"canonical\" href=\"https:\/\/osonakas.edu.ba\/?page_id=97\" \/>\n<meta property=\"og:locale\" content=\"bs_BA\" \/>\n<meta property=\"og:type\" content=\"article\" \/>\n<meta property=\"og:title\" content=\"Vannastavno osoblje - Osnovna \u0161kola &quot;Osman Naka\u0161&quot;\" \/>\n<meta property=\"og:description\" content=\"DOMAR: Muhamed Kari\u0107 SERVIRKA: Mirsada D\u017eihani\u0107 DNEVNI \u010cUVARI: Amer Turudija, Nezafet Dedovi\u0107 RADNICE NA ODR\u017dAVANJU \u010cISTO\u0106E: Sabaheta Radmilovi\u0107 Ai\u0161a D\u017eevlan Vladavi\u0107 Safija Muamera D\u017eindo\" \/>\n<meta property=\"og:url\" content=\"https:\/\/osonakas.edu.ba\/?page_id=97\" \/>\n<meta property=\"og:site_name\" content=\"Osnovna \u0161kola &quot;Osman Naka\u0161&quot;\" \/>\n<meta property=\"article:modified_time\" content=\"2025-09-03T10:02:55+00:00\" \/>\n<meta name=\"twitter:card\" content=\"summary_large_image\" \/>\n<meta name=\"twitter:label1\" content=\"Est. reading time\" \/>\n\t<meta name=\"twitter:data1\" content=\"1 minuta\" \/>\n<script type=\"application\/ld+json\" class=\"yoast-schema-graph\">{\"@context\":\"https:\/\/schema.org\",\"@graph\":[{\"@type\":\"WebSite\",\"@id\":\"https:\/\/osonakas.edu.ba\/#website\",\"url\":\"https:\/\/osonakas.edu.ba\/\",\"name\":\"Osnovna \\u0161kola &quot;Osman Naka\\u0161&quot;\",\"description\":\"Ne u\\u010dimo za \\u0161kolu, nego za \\u017eivot.\",\"potentialAction\":[{\"@type\":\"SearchAction\",\"target\":{\"@type\":\"EntryPoint\",\"urlTemplate\":\"https:\/\/osonakas.edu.ba\/?s={search_term_string}\"},\"query-input\":\"required name=search_term_string\"}],\"inLanguage\":\"bs-BA\"},{\"@type\":\"WebPage\",\"@id\":\"https:\/\/osonakas.edu.ba\/?page_id=97#webpage\",\"url\":\"https:\/\/osonakas.edu.ba\/?page_id=97\",\"name\":\"Vannastavno osoblje - Osnovna \\u0161kola &quot;Osman Naka\\u0161&quot;\",\"isPartOf\":{\"@id\":\"https:\/\/osonakas.edu.ba\/#website\"},\"datePublished\":\"2020-12-11T09:28:02+00:00\",\"dateModified\":\"2025-09-03T10:02:55+00:00\",\"breadcrumb\":{\"@id\":\"https:\/\/osonakas.edu.ba\/?page_id=97#breadcrumb\"},\"inLanguage\":\"bs-BA\",\"potentialAction\":[{\"@type\":\"ReadAction\",\"target\":[\"https:\/\/osonakas.edu.ba\/?page_id=97\"]}]},{\"@type\":\"BreadcrumbList\",\"@id\":\"https:\/\/osonakas.edu.ba\/?page_id=97#breadcrumb\",\"itemListElement\":[{\"@type\":\"ListItem\",\"position\":1,\"name\":\"Dom\",\"item\":\"https:\/\/osonakas.edu.ba\/\"},{\"@type\":\"ListItem\",\"position\":2,\"name\":\"Vannastavno osoblje\"}]}]}<\/script>\n<!-- \/ Yoast SEO plugin. -->","yoast_head_json":{"title":"Vannastavno osoblje - Osnovna \u0161kola &quot;Osman Naka\u0161&quot;","robots":{"index":"index","follow":"follow","max-snippet":"max-snippet:-1","max-image-preview":"max-image-preview:large","max-video-preview":"max-video-preview:-1"},"canonical":"https:\/\/osonakas.edu.ba\/?page_id=97","og_locale":"bs_BA","og_type":"article","og_title":"Vannastavno osoblje - Osnovna \u0161kola &quot;Osman Naka\u0161&quot;","og_description":"DOMAR: Muhamed Kari\u0107 SERVIRKA: Mirsada D\u017eihani\u0107 DNEVNI \u010cUVARI: Amer Turudija, Nezafet Dedovi\u0107 RADNICE NA ODR\u017dAVANJU \u010cISTO\u0106E: Sabaheta Radmilovi\u0107 Ai\u0161a D\u017eevlan Vladavi\u0107 Safija Muamera D\u017eindo","og_url":"https:\/\/osonakas.edu.ba\/?page_id=97","og_site_name":"Osnovna \u0161kola &quot;Osman Naka\u0161&quot;","article_modified_time":"2025-09-03T10:02:55+00:00","twitter_card":"summary_large_image","twitter_misc":{"Est. reading time":"1 minuta"},"schema":{"@context":"https:\/\/schema.org","@graph":[{"@type":"WebSite","@id":"https:\/\/osonakas.edu.ba\/#website","url":"https:\/\/osonakas.edu.ba\/","name":"Osnovna \u0161kola &quot;Osman Naka\u0161&quot;","description":"Ne u\u010dimo za \u0161kolu, nego za \u017eivot.","potentialAction":[{"@type":"SearchAction","target":{"@type":"EntryPoint","urlTemplate":"https:\/\/osonakas.edu.ba\/?s={search_term_string}"},"query-input":"required name=search_term_string"}],"inLanguage":"bs-BA"},{"@type":"WebPage","@id":"https:\/\/osonakas.edu.ba\/?page_id=97#webpage","url":"https:\/\/osonakas.edu.ba\/?page_id=97","name":"Vannastavno osoblje - Osnovna \u0161kola &quot;Osman Naka\u0161&quot;","isPartOf":{"@id":"https:\/\/osonakas.edu.ba\/#website"},"datePublished":"2020-12-11T09:28:02+00:00","dateModified":"2025-09-03T10:02:55+00:00","breadcrumb":{"@id":"https:\/\/osonakas.edu.ba\/?page_id=97#breadcrumb"},"inLanguage":"bs-BA","potentialAction":[{"@type":"ReadAction","target":["https:\/\/osonakas.edu.ba\/?page_id=97"]}]},{"@type":"BreadcrumbList","@id":"https:\/\/osonakas.edu.ba\/?page_id=97#breadcrumb","itemListElement":[{"@type":"ListItem","position":1,"name":"Dom","item":"https:\/\/osonakas.edu.ba\/"},{"@type":"ListItem","position":2,"name":"Vannastavno osoblje"}]}]}},"_links":{"self":[{"href":"https:\/\/osonakas.edu.ba\/index.php?rest_route=\/wp\/v2\/pages\/97"}],"collection":[{"href":"https:\/\/osonakas.edu.ba\/index.php?rest_route=\/wp\/v2\/pages"}],"about":[{"href":"https:\/\/osonakas.edu.ba\/index.php?rest_route=\/wp\/v2\/types\/page"}],"author":[{"embeddable":true,"href":"https:\/\/osonakas.edu.ba\/index.php?rest_route=\/wp\/v2\/users\/2"}],"replies":[{"embeddable":true,"href":"https:\/\/osonakas.edu.ba\/index.php?rest_route=%2Fwp%2Fv2%2Fcomments&post=97"}],"version-history":[{"count":5,"href":"https:\/\/osonakas.edu.ba\/index.php?rest_route=\/wp\/v2\/pages\/97\/revisions"}],"predecessor-version":[{"id":2837,"href":"https:\/\/osonakas.edu.ba\/index.php?rest_route=\/wp\/v2\/pages\/97\/revisions\/2837"}],"wp:attachment":[{"href":"https:\/\/osonakas.edu.ba\/index.php?rest_route=%2Fwp%2Fv2%2Fmedia&parent=97"}],"curies":[{"name":"wp","href":"https:\/\/api.w.org\/{rel}","templated":true}]}}