{"id":92,"date":"2020-12-11T09:28:02","date_gmt":"2020-12-11T09:28:02","guid":{"rendered":"https:\/\/osonakas.edu.ba\/?page_id=92"},"modified":"2026-04-24T13:50:53","modified_gmt":"2026-04-24T11:50:53","slug":"zakonski-propisi","status":"publish","type":"page","link":"https:\/\/osonakas.edu.ba\/?page_id=92","title":{"rendered":"Zakonski propisi"},"content":{"rendered":"<p><a href=\"https:\/\/osonakas-my.sharepoint.com\/:b:\/g\/personal\/skola_osonakas_edu_ba\/EZ8YCrz_8KxBptMCSl_sSZsB2aUIkHLQVco-fOcfQYj-BQ?e=WaKwE4\">Pravila JU O\u0160 &#8220;Osman Naka\u0161&#8221;, maj 2025<\/a><\/p>\n<p><a href=\"https:\/\/propisi.ks.gov.ba\/\">PROPISI VLEDE KANTONA SARAJEVO<\/a><\/p>\n<p><a href=\"https:\/\/mo.ks.gov.ba\/propisi-ministarstvo\">PROPISI MINISTARSTVA ZA ODGOJ I OBRAZOVANJE KS<\/a><\/p>\n<p><a href=\"http:\/\/ssooioks.com\/v1\/index.php\/ssooioks\/dokumenti\">PROPISI-SSOOiO FBIH KO-KS<\/a><\/p>\n<p><a href=\"https:\/\/osonakas-my.sharepoint.com\/:b:\/g\/personal\/skola_osonakas_edu_ba\/EZWcAMS6uwNNk4F56vsSYP0BmfeMgCQk4IOU2jjbDVRxbg?e=RWdEsx\">Zakon o OiO&#8230;S 27 24<\/a><br \/>\n<a href=\"https:\/\/osonakas-my.sharepoint.com\/:b:\/g\/personal\/skola_osonakas_edu_ba\/IQBKkMopWwVwQpNXoFQU9mjZAUH12q37bNKrzraQAotTwcY?e=wisuoQ\">Pedago\u0161ki standardi i op\u0107i normativi za osnovnu \u0161kolu 2025<\/a><br \/>\n<a href=\"https:\/\/osonakas-my.sharepoint.com\/:b:\/g\/personal\/edin_djedovic_osonakas_edu_ba\/EXJ29sdzRWJArgjtajEQsKoB-Ne2DOG3d7ZMuUcuebc48g?e=NSilIh\">Pravilnik o pra\u0107enju i vrednovanju u\u010denika<\/a><br \/>\n<a href=\"https:\/\/osonakas-my.sharepoint.com\/:b:\/g\/personal\/skola_osonakas_edu_ba\/IQALhfLfmlDxTLD1C5KHjz_tAT1sLvB01Lu8u49JuYO1pNY?e=rWhYkI\">Kolektivni ugovor za djelatnost pred\u0161kolskog i osnovnog odgoja i obrazovanja, 2026..<\/a><br \/>\n<a href=\"https:\/\/osonakas-my.sharepoint.com\/:b:\/g\/personal\/edin_djedovic_osonakas_edu_ba\/EQrqKN1OfcJBh3jXk1vIK2IBytU1xj2ryZKWtwAutouyTg?e=nfiwn3\">Pravilnik o ku\u0107nom redu s eti\u010dkim kodeksom JU O\u0160 &#8220;Osman Naka\u0161&#8221;<\/a><br \/>\n<a href=\"https:\/\/osonakas-my.sharepoint.com\/:b:\/g\/personal\/edin_djedovic_osonakas_edu_ba\/EXrwJP7vb0RLv-DSlhT3LsgBoyl9ulk6zkzwIqC8EhNTOQ?e=IZQP1A\">Pravilnik o ishrani u\u010denika<\/a><br \/>\n<a href=\"https:\/\/osonakas-my.sharepoint.com\/:b:\/g\/personal\/edin_djedovic_osonakas_edu_ba\/EY3oP9FoAuhCrEQsFC5DiFEBnoR2EwnDU6BmActefm8Dtw?e=bzjR1r\">Pravilnik o na\u010dinu i obliku provo\u0111enja odgojno-obrazovne podr\u0161ke i stru\u010dnog tretmana<\/a><br \/>\n<a href=\"https:\/\/osonakas-my.sharepoint.com\/:b:\/g\/personal\/skola_osonakas_edu_ba\/IQBBDOYC7MICTJhpwtH60IzGAa4BbsON3ydkmAPRtTtIsr8?e=tKAVY4\">Pravilnik o inkluzivnom obrazovanju, 2025<\/a><br \/>\n<a href=\"https:\/\/osonakas-my.sharepoint.com\/:b:\/g\/personal\/edin_djedovic_osonakas_edu_ba\/EUad_-gwGZhEn-Rs77jO9UwB6kl2oIIJWjafSDkqnit2oQ?e=fEm5yq\">Krizni plan pripravnosti JU O\u0160 &#8220;Osman Naka\u0161&#8221;<\/a><\/p>\n<p><a href=\"https:\/\/osonakas-my.sharepoint.com\/:b:\/g\/personal\/edin_djedovic_osonakas_edu_ba\/EUll2dheW8JJpd2nx1ZSjWwB6TlNNWIIaWGezfnbm-srlQ?e=H8Lcw1\">Revidirani Krizni plan pripravnosti JU O\u0160 &#8220;Osman Naka\u0161&#8221;<\/a><\/p>\n<p><a href=\"https:\/\/osonakas-my.sharepoint.com\/:b:\/g\/personal\/edin_djedovic_osonakas_edu_ba\/EbUSeGjQ7zJBsNdGkueT29IBI8-cfelxUCVT9-YN_Wjk1A?e=gAzUIq\">Pravilnik o vo\u0111nju evidencije o neprihvatljivim oblicima pona\u0161anja i za\u0161titi u\u010denika<\/a><\/p>\n<p><a href=\"https:\/\/osonakas-my.sharepoint.com\/:b:\/g\/personal\/edin_djedovic_osonakas_edu_ba\/EcLDroIYIyZFlz39MnGM5D0BqpriN64JSCT6kdNpCmMUJg?e=EeSDPC\">Poslovnik o radu stru\u010dnih organa \u0161kole<\/a><\/p>\n<p><a href=\"https:\/\/osonakas-my.sharepoint.com\/:b:\/g\/personal\/skola_osonakas_edu_ba\/EbwLhPF0vllLstAMIeEwTdcBMec5r_psligZJdbjUCXw0A?e=C6qni7\">Program rada \u0161kole_Razvojni plan-Edin \u0110edovi\u0107, avgust 2024.<\/a><\/p>\n<p><a href=\"https:\/\/osonakas-my.sharepoint.com\/:b:\/g\/personal\/edin_djedovic_osonakas_edu_ba\/EaWMYRwDOnBOk30poFTqGywBTOAHIyGp-dJKoEIzWw6dug?e=bKfxAK\">Revidirani Krizni plan pripravnosti \u0161kole, septembar 2021<\/a><\/p>\n<p><a href=\"https:\/\/osonakas-my.sharepoint.com\/:b:\/g\/personal\/edin_djedovic_osonakas_edu_ba\/EXs6hRBQfBxElRi0y3aC2jMBpCVGeDRXADhaXJrVOiNVAA?e=iavqQ9\">Metodolo\u0161ko uputsvo za prevenciju i kontrolu infekcije sa SARS CoV2<\/a><\/p>\n<p><a href=\"https:\/\/osonakas-my.sharepoint.com\/:b:\/g\/personal\/edin_djedovic_osonakas_edu_ba\/EaV484F41uFMlVKdaLNj_4oB6vnMu8NPMZlGS8wi0fMtYg?e=2AyuvC\">Poslovnik o radu \u0160kolskog odbora, februar 2022<\/a><\/p>\n<p><a href=\"https:\/\/osonakas-my.sharepoint.com\/:b:\/g\/personal\/skola_osonakas_edu_ba\/ETEYILKi6FZCnM_3_p29-78Bh9ojKegKxhZWg8DthxTvAg?e=bB3hXQ\">Pravilnik o izmjenama Pravilnika o na\u010dinu provo\u0111enja odgojno obrazovne podr\u0161ke i stru\u010dnog tretmana<\/a><\/p>\n<p><a href=\"https:\/\/osonakas-my.sharepoint.com\/:b:\/g\/personal\/skola_osonakas_edu_ba\/EX15vmFPQPRIjsm-g1Krp90Bx8dHNxPXGIe3J6MDBcwF4g?e=LTDQB5\">Pravilnik o postupku internog prijavljivanja korupcije<\/a><\/p>\n<p><a href=\"https:\/\/osonakas-my.sharepoint.com\/:i:\/g\/personal\/skola_osonakas_edu_ba\/EU5tGc4819tOsoM3_F--NPQBnlCnpp2rCD9Mmk_ILk-Uaw?e=6XkJbF\">Odluka o usvajanju Izvje\u0161taja direktora za realizaciju nastave-GPR\u0160e<\/a><\/p>\n<p><a href=\"https:\/\/osonakas-my.sharepoint.com\/:b:\/g\/personal\/skola_osonakas_edu_ba\/EVTwSoYHfetEn91a-2q0uhABpld5ESELHImXeAx_b1uIYw?e=dsM6MJ\">Plan integriteta JU O\u0160 &#8220;Osman Naka\u0161&#8221;<\/a><\/p>\n<p><a href=\"https:\/\/osonakas-my.sharepoint.com\/:b:\/g\/personal\/skola_osonakas_edu_ba\/EZJlqQmHR2pLgx0j3wqHfRYBHKLRMiehUxQxuwClGUavBQ?e=7DBlrt\">Pravilnik o sukobu interesa<\/a><\/p>\n<p><a href=\"https:\/\/osonakas-my.sharepoint.com\/:b:\/g\/personal\/skola_osonakas_edu_ba\/EZHxx9yjMKZIkLX4mS42iJsBdSvvsgzCFieKGd6D90kiWw?e=4sbHNc\">Pravilnik o javnoj nabavci roba, usluga i radova<\/a><\/p>\n<p><a href=\"https:\/\/osonakas-my.sharepoint.com\/:b:\/g\/personal\/skola_osonakas_edu_ba\/EWqVMhdzk4NGoYdyRj9-22UBZFuz4aRSRPVoT8Ect1nQug?e=hjN7bC\">Odluka o izboru najboljeg ponu\u0111a\u010da<\/a><\/p>\n<p><a href=\"https:\/\/osonakas-my.sharepoint.com\/:b:\/g\/personal\/skola_osonakas_edu_ba\/EUbq9M84DxpIo3PfoEnpvYUBTAIG6LUe_Ns_sFueYnrU3g?e=E6LVAj\">Pravilnik o video nadzoru<\/a><\/p>\n<p><a href=\"https:\/\/osonakas-my.sharepoint.com\/:b:\/g\/personal\/skola_osonakas_edu_ba\/Ee2XbDZ0G89BhJwbuAItd7UB1GUY0AQoRRuFUIITmJqvkg?e=pEQcWd\">SMJERNICE POSTUPANJA U IZNENADNIM KRIZNIM SITUACIJAMA<\/a><\/p>\n<p><a href=\"https:\/\/osonakas-my.sharepoint.com\/:w:\/g\/personal\/skola_osonakas_edu_ba\/Ee8sO54KPJtInSI5ii9fpQQBo8l-ZNGAz6Rk1UsjtfjtrA?e=ItMNo0\">Interni akt o za\u0161titi na radu JUO\u0160 &#8220;Osman Naka\u0161&#8221;<\/a><\/p>\n<p><a href=\"https:\/\/osonakas-my.sharepoint.com\/:b:\/g\/personal\/skola_osonakas_edu_ba\/EVuFSiJSz19Juz9RMuqn0v4BOhCFi-TzMOsyyegqTIa1Lw?e=cYHF8i\">PRAVILNIK O IZMJENAMA I DOPUNAMA PRAVILNIKA O RADU, MART 2024<\/a><\/p>\n<p><a href=\"https:\/\/osonakas-my.sharepoint.com\/:b:\/g\/personal\/skola_osonakas_edu_ba\/EQZvqmXk_xFHtb355tQZ3wUBN3gjvpCJVtOc7K9IxegFMw?e=Vadh0D\">Pedago\u0161ki standardi i op\u0107i normativi za osnovnu \u0161kolu, mart 2024<\/a><\/p>\n<p><a href=\"https:\/\/osonakas-my.sharepoint.com\/:w:\/g\/personal\/skola_osonakas_edu_ba\/EdNOY-avcdVBh1znxWXQW7IB9otjvuJLxcnxcu4nO1n3kA?e=D06g8n\">Pravilnik o unutra\u0161njoj organizaciji i sistematizaciji radnih mjesta-maj 2024<\/a><\/p>\n<p><a href=\"https:\/\/osonakas-my.sharepoint.com\/:w:\/g\/personal\/skola_osonakas_edu_ba\/EbIpTIV0-6lDpS0cIRp-PmQBiEwX8qKwGNev-_5HBL607Q?e=t76sRl\">Izmjena i dopuna Plana javnih nabavki za 2024. g.<\/a><\/p>\n<p><a href=\"https:\/\/osonakas-my.sharepoint.com\/:b:\/g\/personal\/skola_osonakas_edu_ba\/Ee-EYbZqsmdNgYgDu1Wfug4BUJ_TbxtF0tThIu1W2a2YUA?e=bJWE3H\">Godi\u0161nji program rada \u0161kole-Metodologija 2023 2024<\/a><\/p>\n<p><a href=\"https:\/\/osonakas-my.sharepoint.com\/:b:\/g\/personal\/skola_osonakas_edu_ba\/Ef9d6pYrVdxKuo98CqnStRQBbsUMrpdizvPNc9l4RLvsBw?e=7PjBGP\">Pravilnik o formiranju i radu \u0161kolskih saobra\u0107ajnih patrola<\/a><\/p>\n<p><a href=\"https:\/\/osonakas-my.sharepoint.com\/:b:\/g\/personal\/skola_osonakas_edu_ba\/EfNB7Cs1xU1As7Caw9cSQHABtYGXaMSiOZokZK1VK6Ny7A?e=EmQgPQ\">Izmjena plana JN \u0160kola u prirodi, 2024, oktobar<\/a><\/p>\n<p><a href=\"https:\/\/osonakas-my.sharepoint.com\/:b:\/g\/personal\/skola_osonakas_edu_ba\/EfNB7Cs1xU1As7Caw9cSQHABtYGXaMSiOZokZK1VK6Ny7A?e=EmQgPQ\">Pravilnik o izmjeni Pravilnika o radu, 2024, oktobar<\/a><\/p>\n<p><a href=\"https:\/\/osonakas-my.sharepoint.com\/:b:\/g\/personal\/skola_osonakas_edu_ba\/Ec_oF3S07eVErWS1czVT6N4B7_scZjkz4DBEISJ5ICJn2w?e=U5jQ5e\">Pravilnik o izmjenama i dopunama Pravilnika o radu,2024, sept.<\/a><\/p>\n<p><a href=\"https:\/\/osonakas-my.sharepoint.com\/:b:\/g\/personal\/skola_osonakas_edu_ba\/EcBWgsunquxGswOYYD51N_QBpz23TNRGcxyf5eZDs19uYQ?e=eriDzX\">Pravilnik o izmjenama i dopunama Pravilnika o unutra\u0161njoj organizaciji i sistamatizaciji, 2024, sept.<\/a><\/p>\n<p><a href=\"https:\/\/osonakas-my.sharepoint.com\/:b:\/g\/personal\/skola_osonakas_edu_ba\/EfRKgJNcGSlCiD4Na14aSfQBsyP2RvzDMsrcWfl8u7LmEg?e=j8z7Pk\">Odluka o izmjenama i dopunama Plana javnih nabavki za 2024. godinu<\/a><\/p>\n<p><a href=\"https:\/\/osonakas-my.sharepoint.com\/:b:\/g\/personal\/skola_osonakas_edu_ba\/EVMUDak3WiBLuvA_KU1gXpABcQAijgJistaHATGnt51vKw?e=xAE5lW\">Odluka o poni\u0161tenju postupka javne nabavke \u201eNabavka opreme za \u0161kolsku trpezariju\u201c<\/a><\/p>\n<p><a href=\"https:\/\/osonakas-my.sharepoint.com\/:b:\/g\/personal\/skola_osonakas_edu_ba\/Ef1tcNJfyyBOsnv3wVujLYwBIVVmM2Yn3xr_lJJem-zO2Q?e=OuBHHy\">Izvedbeni plan ekskurzije 2024 2025<\/a><\/p>\n<p><a href=\"https:\/\/osonakas-my.sharepoint.com\/:i:\/g\/personal\/skola_osonakas_edu_ba\/Ec9YEsLMa3pLoqNjPxWxHm4BsJ5rl_YVs9X0jFL6ZWfLAQ?e=rL9c55\">Zahtjev za dostavljanje ponuda 1<\/a><\/p>\n<p><a href=\"https:\/\/osonakas-my.sharepoint.com\/:i:\/g\/personal\/skola_osonakas_edu_ba\/EW6GAt5uAEFHomCdpOtJrocBeJ1w6dRZE8YUqpczCDG-OQ?e=c2ewmj\">Zahtjev za dostavljanje ponuda 2<\/a><\/p>\n<p><a href=\"https:\/\/osonakas-my.sharepoint.com\/:b:\/g\/personal\/skola_osonakas_edu_ba\/EUmSnaBGsWFJsBe2CU6XRQwBdgfsKGB8Q2u8gRlCYVmeVw?e=n9zJN2\">Plan javnih nabavki za 2025. godinu<\/a><\/p>\n<p><a href=\"https:\/\/osonakas-my.sharepoint.com\/:b:\/g\/personal\/skola_osonakas_edu_ba\/ESnASUtty3FDlqekMpSJa9sB8VmJM_74B-9L9KEQMbnWaQ?e=2yqZzk\">Pravilnik o izmjeni Pravilnika o radu, maj 2025.<\/a><\/p>\n<p><a href=\"https:\/\/osonakas-my.sharepoint.com\/:b:\/g\/personal\/skola_osonakas_edu_ba\/ERi5HBF05ZVEn0TMJlPaAgQBO-vLZmGkWouP6FVEBtqR3Q?e=xSdyZh\">Izmjena Plana JN-hrana, maj 2025.<\/a><\/p>\n<p><a href=\"https:\/\/osonakas-my.sharepoint.com\/:w:\/g\/personal\/skola_osonakas_edu_ba\/EeaY89oFO-pGr5cRiPS3ZMYBwmlLVLZ9Yn8crW7bSxoL7g?e=Gh84K8\">Izvedbeni plan ekskurzije 2025 2026<\/a><\/p>\n<p><a href=\"https:\/\/osonakas-my.sharepoint.com\/:w:\/g\/personal\/skola_osonakas_edu_ba\/Ed1xf9Qpst1Plncalyqqz3YB8v4u4ZbeQIfgEkfSdRkQWw?e=Rabaai\">Zahtjev za dostavu ponude-ekskurzija 25 26<\/a><\/p>\n<p><a href=\"https:\/\/osonakas-my.sharepoint.com\/:b:\/g\/personal\/skola_osonakas_edu_ba\/EeNv_bMk-85CnqGOanDgYxcBLYykcPHxQstDhKusbmRanQ?e=S07r2C\">Pravilnik o izmjeni Pravilnika o radu, oktobar 2025<\/a><\/p>\n<p><a href=\"https:\/\/osonakas-my.sharepoint.com\/:b:\/g\/personal\/skola_osonakas_edu_ba\/ETJMepcMQl9Ot6Twn8A1es4B0k_4gfcc93zYjzFuRe7LOQ?e=Qf8HrL\">Izmjena i dopuna Plana javnih nabavki, 2025, op\u0107ina<\/a><\/p>\n<p><a href=\"https:\/\/osonakas-my.sharepoint.com\/:b:\/g\/personal\/skola_osonakas_edu_ba\/IQDwFwaBEpmETLbUwJZbLofHAYFyp_u1nqstQdBsiaDyoHg?e=gooErr\">Plan integriteta JU O\u0160 &#8220;Osman Naka\u0161&#8221;,2025<\/a><\/p>\n<p><a href=\"https:\/\/osonakas-my.sharepoint.com\/:b:\/g\/personal\/skola_osonakas_edu_ba\/IQAaEeTjzKHrRaWIGqgBMHvhAXId5YkSnpMfoofw5nvjgYk?e=kqlyOW\">Pravilnik o za\u0161titi od po\u017eara<\/a><\/p>\n<p><a href=\"https:\/\/osonakas-my.sharepoint.com\/:b:\/g\/personal\/skola_osonakas_edu_ba\/IQCLzAI19Dy-TYaOgu9Pyhp5AfKdwxT-VlchNxyXqM4kE8E?e=Fh67Mf\">Izmjena i dopuna Plana javnih nabavki, 2025, op\u0107ina, novembar<\/a><\/p>\n<p><a href=\"https:\/\/osonakas-my.sharepoint.com\/:b:\/g\/personal\/skola_osonakas_edu_ba\/IQCVXobgBGyASKiLqlQEDS_7Af-JdLoFEnE7VVyKyGmrBaY?e=icowpU\">Pravinik o radu \u0161kole, januar 2025-pre\u010di\u0161\u0107eni tekst<\/a><\/p>\n<p><a href=\"https:\/\/osonakas-my.sharepoint.com\/:b:\/g\/personal\/skola_osonakas_edu_ba\/IQDg_HnxvflJT4j5lpaeTRNqAfKbXEcVzuq8_Nvbti4YoaI?e=DPXOEf\">Plan javnih nabavki za 2026. godinu, januar-dopuna<\/a><\/p>\n<p><a href=\"https:\/\/osonakas-my.sharepoint.com\/:b:\/g\/personal\/skola_osonakas_edu_ba\/IQA8j_xmvcMhQaI1RbVNVkycAaad0BBLZv9M_ESTvtp6NlQ?e=2L3TXj\">Pravilnik o radu produ\u017eenog boraka<\/a><\/p>\n<p><a href=\"https:\/\/osonakas-my.sharepoint.com\/:b:\/g\/personal\/skola_osonakas_edu_ba\/IQCe11caO_rIRKpECWbQ3eIdAW1Ryk8vDwfAvYrSP4V-FMI?e=dwkgmc\">Plan integriteta JU O\u0160 Osman Naka\u0161, dec<\/a><\/p>\n<p><a href=\"https:\/\/osonakas-my.sharepoint.com\/:b:\/g\/personal\/skola_osonakas_edu_ba\/IQANE1BT8UWTRbV7sVwEz0SwAdliBQvb6JURZGa4TE4aq3g?e=x0cLeq\">\u0160kola u prirodi 2026, izmjena plana javnih nabavki<\/a><\/p>\n<p><a href=\"https:\/\/osonakas-my.sharepoint.com\/:b:\/g\/personal\/skola_osonakas_edu_ba\/IQAQMUwcJjwZTbhPGQ3kzF_PAUXTTkyk2viXBj-SwJx-6KM?e=bLVhbp\">Izvedbeni plan ekskurzije u Neum, 2026 27<\/a><\/p>\n<p><a href=\"https:\/\/osonakas-my.sharepoint.com\/:b:\/g\/personal\/skola_osonakas_edu_ba\/IQAgGxNfAUTlQokeJyU2JhUOAcwjA0wpJcAyxDavz9yFgNs?e=sNS2ka\">Poziv za dostavljanje ponude za realizaciju ekskurzije za u\u010denike 9 razreda, 2025 26<\/a><\/p>\n<p>&nbsp;<\/p>\n","protected":false},"excerpt":{"rendered":"<p>Pravila JU O\u0160 &#8220;Osman Naka\u0161&#8221;, maj 2025 PROPISI VLEDE KANTONA SARAJEVO PROPISI MINISTARSTVA ZA ODGOJ I OBRAZOVANJE KS PROPISI-SSOOiO FBIH KO-KS Zakon o OiO&#8230;S<\/p>\n","protected":false},"author":2,"featured_media":0,"parent":0,"menu_order":0,"comment_status":"closed","ping_status":"closed","template":"","meta":[],"yoast_head":"<!-- This site is optimized with the Yoast SEO plugin v17.3 - https:\/\/yoast.com\/wordpress\/plugins\/seo\/ -->\n<title>Zakonski propisi - Osnovna \u0161kola &quot;Osman Naka\u0161&quot;<\/title>\n<meta name=\"robots\" content=\"index, follow, max-snippet:-1, max-image-preview:large, max-video-preview:-1\" \/>\n<link rel=\"canonical\" href=\"https:\/\/osonakas.edu.ba\/?page_id=92\" \/>\n<meta property=\"og:locale\" content=\"bs_BA\" \/>\n<meta property=\"og:type\" content=\"article\" \/>\n<meta property=\"og:title\" content=\"Zakonski propisi - Osnovna \u0161kola &quot;Osman Naka\u0161&quot;\" \/>\n<meta property=\"og:description\" content=\"Pravila JU O\u0160 &#8220;Osman Naka\u0161&#8221;, maj 2025 PROPISI VLEDE KANTONA SARAJEVO PROPISI MINISTARSTVA ZA ODGOJ I OBRAZOVANJE KS PROPISI-SSOOiO FBIH KO-KS Zakon o OiO&#8230;S\" \/>\n<meta property=\"og:url\" content=\"https:\/\/osonakas.edu.ba\/?page_id=92\" \/>\n<meta property=\"og:site_name\" content=\"Osnovna \u0161kola &quot;Osman Naka\u0161&quot;\" \/>\n<meta property=\"article:modified_time\" content=\"2026-04-24T11:50:53+00:00\" \/>\n<meta name=\"twitter:card\" content=\"summary_large_image\" \/>\n<meta name=\"twitter:label1\" content=\"Est. reading time\" \/>\n\t<meta name=\"twitter:data1\" content=\"3 minute\" \/>\n<script type=\"application\/ld+json\" class=\"yoast-schema-graph\">{\"@context\":\"https:\/\/schema.org\",\"@graph\":[{\"@type\":\"WebSite\",\"@id\":\"https:\/\/osonakas.edu.ba\/#website\",\"url\":\"https:\/\/osonakas.edu.ba\/\",\"name\":\"Osnovna \\u0161kola &quot;Osman Naka\\u0161&quot;\",\"description\":\"Ne u\\u010dimo za \\u0161kolu, nego za \\u017eivot.\",\"potentialAction\":[{\"@type\":\"SearchAction\",\"target\":{\"@type\":\"EntryPoint\",\"urlTemplate\":\"https:\/\/osonakas.edu.ba\/?s={search_term_string}\"},\"query-input\":\"required name=search_term_string\"}],\"inLanguage\":\"bs-BA\"},{\"@type\":\"WebPage\",\"@id\":\"https:\/\/osonakas.edu.ba\/?page_id=92#webpage\",\"url\":\"https:\/\/osonakas.edu.ba\/?page_id=92\",\"name\":\"Zakonski propisi - Osnovna \\u0161kola &quot;Osman Naka\\u0161&quot;\",\"isPartOf\":{\"@id\":\"https:\/\/osonakas.edu.ba\/#website\"},\"datePublished\":\"2020-12-11T09:28:02+00:00\",\"dateModified\":\"2026-04-24T11:50:53+00:00\",\"breadcrumb\":{\"@id\":\"https:\/\/osonakas.edu.ba\/?page_id=92#breadcrumb\"},\"inLanguage\":\"bs-BA\",\"potentialAction\":[{\"@type\":\"ReadAction\",\"target\":[\"https:\/\/osonakas.edu.ba\/?page_id=92\"]}]},{\"@type\":\"BreadcrumbList\",\"@id\":\"https:\/\/osonakas.edu.ba\/?page_id=92#breadcrumb\",\"itemListElement\":[{\"@type\":\"ListItem\",\"position\":1,\"name\":\"Dom\",\"item\":\"https:\/\/osonakas.edu.ba\/\"},{\"@type\":\"ListItem\",\"position\":2,\"name\":\"Zakonski propisi\"}]}]}<\/script>\n<!-- \/ Yoast SEO plugin. -->","yoast_head_json":{"title":"Zakonski propisi - Osnovna \u0161kola &quot;Osman Naka\u0161&quot;","robots":{"index":"index","follow":"follow","max-snippet":"max-snippet:-1","max-image-preview":"max-image-preview:large","max-video-preview":"max-video-preview:-1"},"canonical":"https:\/\/osonakas.edu.ba\/?page_id=92","og_locale":"bs_BA","og_type":"article","og_title":"Zakonski propisi - Osnovna \u0161kola &quot;Osman Naka\u0161&quot;","og_description":"Pravila JU O\u0160 &#8220;Osman Naka\u0161&#8221;, maj 2025 PROPISI VLEDE KANTONA SARAJEVO PROPISI MINISTARSTVA ZA ODGOJ I OBRAZOVANJE KS PROPISI-SSOOiO FBIH KO-KS Zakon o OiO&#8230;S","og_url":"https:\/\/osonakas.edu.ba\/?page_id=92","og_site_name":"Osnovna \u0161kola &quot;Osman Naka\u0161&quot;","article_modified_time":"2026-04-24T11:50:53+00:00","twitter_card":"summary_large_image","twitter_misc":{"Est. reading time":"3 minute"},"schema":{"@context":"https:\/\/schema.org","@graph":[{"@type":"WebSite","@id":"https:\/\/osonakas.edu.ba\/#website","url":"https:\/\/osonakas.edu.ba\/","name":"Osnovna \u0161kola &quot;Osman Naka\u0161&quot;","description":"Ne u\u010dimo za \u0161kolu, nego za \u017eivot.","potentialAction":[{"@type":"SearchAction","target":{"@type":"EntryPoint","urlTemplate":"https:\/\/osonakas.edu.ba\/?s={search_term_string}"},"query-input":"required name=search_term_string"}],"inLanguage":"bs-BA"},{"@type":"WebPage","@id":"https:\/\/osonakas.edu.ba\/?page_id=92#webpage","url":"https:\/\/osonakas.edu.ba\/?page_id=92","name":"Zakonski propisi - Osnovna \u0161kola &quot;Osman Naka\u0161&quot;","isPartOf":{"@id":"https:\/\/osonakas.edu.ba\/#website"},"datePublished":"2020-12-11T09:28:02+00:00","dateModified":"2026-04-24T11:50:53+00:00","breadcrumb":{"@id":"https:\/\/osonakas.edu.ba\/?page_id=92#breadcrumb"},"inLanguage":"bs-BA","potentialAction":[{"@type":"ReadAction","target":["https:\/\/osonakas.edu.ba\/?page_id=92"]}]},{"@type":"BreadcrumbList","@id":"https:\/\/osonakas.edu.ba\/?page_id=92#breadcrumb","itemListElement":[{"@type":"ListItem","position":1,"name":"Dom","item":"https:\/\/osonakas.edu.ba\/"},{"@type":"ListItem","position":2,"name":"Zakonski propisi"}]}]}},"_links":{"self":[{"href":"https:\/\/osonakas.edu.ba\/index.php?rest_route=\/wp\/v2\/pages\/92"}],"collection":[{"href":"https:\/\/osonakas.edu.ba\/index.php?rest_route=\/wp\/v2\/pages"}],"about":[{"href":"https:\/\/osonakas.edu.ba\/index.php?rest_route=\/wp\/v2\/types\/page"}],"author":[{"embeddable":true,"href":"https:\/\/osonakas.edu.ba\/index.php?rest_route=\/wp\/v2\/users\/2"}],"replies":[{"embeddable":true,"href":"https:\/\/osonakas.edu.ba\/index.php?rest_route=%2Fwp%2Fv2%2Fcomments&post=92"}],"version-history":[{"count":97,"href":"https:\/\/osonakas.edu.ba\/index.php?rest_route=\/wp\/v2\/pages\/92\/revisions"}],"predecessor-version":[{"id":3034,"href":"https:\/\/osonakas.edu.ba\/index.php?rest_route=\/wp\/v2\/pages\/92\/revisions\/3034"}],"wp:attachment":[{"href":"https:\/\/osonakas.edu.ba\/index.php?rest_route=%2Fwp%2Fv2%2Fmedia&parent=92"}],"curies":[{"name":"wp","href":"https:\/\/api.w.org\/{rel}","templated":true}]}}