{"id":810,"date":"2021-10-15T12:07:24","date_gmt":"2021-10-15T10:07:24","guid":{"rendered":"https:\/\/osonakas.edu.ba\/?page_id=810"},"modified":"2022-11-07T09:59:55","modified_gmt":"2022-11-07T08:59:55","slug":"nastavno-osoblje","status":"publish","type":"page","link":"https:\/\/osonakas.edu.ba\/?page_id=810","title":{"rendered":"Nastavno osoblje"},"content":{"rendered":"<table width=\"513\">\n<tbody>\n<tr>\n<td width=\"43\">&nbsp;<\/td>\n<td width=\"173\">IME I PREZIME<\/td>\n<td width=\"149\">PREDMET<\/td>\n<td width=\"149\">RAZREDNIK<\/td>\n<\/tr>\n<tr>\n<td width=\"43\">1.<\/td>\n<td width=\"173\">\u00a0Nada Gli\u0161i\u0107<\/td>\n<td width=\"149\">BHS jezik i knji\u017eevnost<\/td>\n<td width=\"149\">9-2<\/td>\n<\/tr>\n<tr>\n<td width=\"43\">2.<\/td>\n<td width=\"173\">Eldina Bruli\u0107-Sorgu\u010d<\/td>\n<td width=\"149\">BHS jezik i knji\u017eevnost<\/td>\n<td width=\"149\">7-1<\/td>\n<\/tr>\n<tr>\n<td width=\"43\">3.<\/td>\n<td width=\"173\">Merita \u0160abeta<\/td>\n<td width=\"149\">BHS jezik i knji\u017eevnost<\/td>\n<td width=\"149\">&nbsp;<\/td>\n<\/tr>\n<tr>\n<td width=\"43\">4.<\/td>\n<td width=\"173\">Lejla Maslo<\/td>\n<td width=\"149\">Matematika<\/td>\n<td width=\"149\">&nbsp;<\/td>\n<\/tr>\n<tr>\n<td width=\"43\">5.<\/td>\n<td width=\"173\">Nada Sokolovi\u0107<\/td>\n<td width=\"149\">Matematika<\/td>\n<td width=\"149\">6-1<\/td>\n<\/tr>\n<tr>\n<td width=\"43\">6.<\/td>\n<td width=\"173\">Amir Cero<\/td>\n<td width=\"149\">Fizika<\/td>\n<td width=\"149\">&nbsp;<\/td>\n<\/tr>\n<tr>\n<td width=\"43\">7.<\/td>\n<td width=\"173\">Aida Sivi\u0107-Babi\u0107<\/td>\n<td width=\"149\">Engleski jezik<\/td>\n<td width=\"149\">&nbsp;<\/td>\n<\/tr>\n<tr>\n<td width=\"43\">8.<\/td>\n<td width=\"173\">Vedad Hindija<\/td>\n<td width=\"149\">Engleski jezik<\/td>\n<td width=\"149\">7-2<\/td>\n<\/tr>\n<tr>\n<td width=\"43\">9.<\/td>\n<td width=\"173\">Alema Bulutovi\u0107<\/td>\n<td width=\"149\">Engleski jezik<\/td>\n<td width=\"149\">&nbsp;<\/td>\n<\/tr>\n<tr>\n<td width=\"43\">10.<\/td>\n<td width=\"173\">Mersiha Rizvi\u0107<\/td>\n<td width=\"149\">Engleski jezik<\/td>\n<td width=\"149\">&nbsp;<\/td>\n<\/tr>\n<tr>\n<td width=\"43\">11.<\/td>\n<td width=\"173\">D\u017eejran Hajdarpa\u0161i\u0107<\/td>\n<td width=\"149\">Njema\u010dki jezik<\/td>\n<td width=\"149\">&nbsp;<\/td>\n<\/tr>\n<tr>\n<td width=\"43\">12.<\/td>\n<td width=\"173\">\u0106elovi\u0107 Naida<\/td>\n<td width=\"149\">Turski jezik<\/td>\n<td width=\"149\">&nbsp;<\/td>\n<\/tr>\n<tr>\n<td width=\"43\">13.<\/td>\n<td width=\"173\">Mahir Zolota<\/td>\n<td width=\"149\">Informatika<\/td>\n<td width=\"149\">&nbsp;<\/td>\n<\/tr>\n<tr>\n<td width=\"43\">14.<\/td>\n<td width=\"173\">\u0160ejla Kurud\u017eija<\/td>\n<td width=\"149\">Informatika<\/td>\n<td width=\"149\">&nbsp;<\/td>\n<\/tr>\n<tr>\n<td width=\"43\">15.<\/td>\n<td width=\"173\">Alma Jahi\u0107<\/td>\n<td width=\"149\">Teh kult., Osnovi teh.<\/td>\n<td width=\"149\">&nbsp;<\/td>\n<\/tr>\n<tr>\n<td width=\"43\">16.<\/td>\n<td width=\"173\">Sanela Kadi\u0107<\/td>\n<td width=\"149\">Biologija<\/td>\n<td width=\"149\">8-1<\/td>\n<\/tr>\n<tr>\n<td width=\"43\">17.<\/td>\n<td width=\"173\">Amela Mahmutovi\u0107<\/td>\n<td width=\"149\">Hemija, Gra\u0111.obr., DKR,, kul.\u017eiv.<\/td>\n<td width=\"149\">9-1<\/td>\n<\/tr>\n<tr>\n<td width=\"43\">18.<\/td>\n<td width=\"173\">Marijana Bagara<\/td>\n<td width=\"149\">Geografija<\/td>\n<td width=\"149\">8-2<\/td>\n<\/tr>\n<tr>\n<td width=\"43\">19.<\/td>\n<td width=\"173\">Anita Su\u0161a<\/td>\n<td width=\"149\">Historija<\/td>\n<td width=\"149\">6-3<\/td>\n<\/tr>\n<tr>\n<td width=\"43\">20.<\/td>\n<td width=\"173\">\u0160emsa \u0106uprija<\/td>\n<td width=\"149\">Islamska vjeronauka<\/td>\n<td width=\"149\">&nbsp;<\/td>\n<\/tr>\n<tr>\n<td width=\"43\">21.<\/td>\n<td width=\"173\">Edvina Kustura<\/td>\n<td width=\"149\">Muzi\u010dka kultura<\/td>\n<td width=\"149\">6-2<\/td>\n<\/tr>\n<tr>\n<td width=\"43\">22.<\/td>\n<td width=\"173\">Daria Osmanbegovi\u0107<\/td>\n<td width=\"149\">Likovna kultura<\/td>\n<td width=\"149\">&nbsp;<\/td>\n<\/tr>\n<tr>\n<td width=\"43\">23.<\/td>\n<td width=\"173\">\u017deljko Aleksi\u0107<\/td>\n<td width=\"149\">Tjel. i zdr. odgoj<\/td>\n<td width=\"149\">&nbsp;<\/td>\n<\/tr>\n<tr>\n<td width=\"43\">24.<\/td>\n<td width=\"173\">Meliha Had\u017eialijagi\u0107<\/td>\n<td width=\"149\">Razredna nastava<\/td>\n<td width=\"149\">1-1<\/td>\n<\/tr>\n<tr>\n<td width=\"43\">25.<\/td>\n<td width=\"173\">Anesa Omanovi\u0107<\/td>\n<td width=\"149\">Razredna nastava<\/td>\n<td width=\"149\">1-2<\/td>\n<\/tr>\n<tr>\n<td width=\"43\">26.<\/td>\n<td width=\"173\">Lejla Goro<\/td>\n<td width=\"149\">Razredna nastava<\/td>\n<td width=\"149\">1-3<\/td>\n<\/tr>\n<tr>\n<td width=\"43\">27.<\/td>\n<td width=\"173\">Amina Jabu\u010dar<\/td>\n<td width=\"149\">Razredna nastava<\/td>\n<td width=\"149\">2-1<\/td>\n<\/tr>\n<tr>\n<td width=\"43\">28.<\/td>\n<td width=\"173\">D\u017eenita Osmanbegovi\u0107<\/td>\n<td width=\"149\">Razredna nastava<\/td>\n<td width=\"149\">2-2<\/td>\n<\/tr>\n<tr>\n<td width=\"43\">29.<\/td>\n<td width=\"173\">Almira Homarac<\/td>\n<td width=\"149\">Razredna nastava<\/td>\n<td width=\"149\">2-3<\/td>\n<\/tr>\n<tr>\n<td width=\"43\">30.<\/td>\n<td width=\"173\">Namir Ba\u0161i\u0107<\/td>\n<td width=\"149\">Razredna nastava<\/td>\n<td width=\"149\">3-1<\/td>\n<\/tr>\n<tr>\n<td width=\"43\">31.<\/td>\n<td width=\"173\">Elbina Bahtijarevi\u0107<\/td>\n<td width=\"149\">Razredna nastava<\/td>\n<td width=\"149\">3-2<\/td>\n<\/tr>\n<tr>\n<td width=\"43\">32.<\/td>\n<td width=\"173\">Ljiljana Tubin-Damjanovi\u0107<\/td>\n<td width=\"149\">Razredna nastava<\/td>\n<td width=\"149\">3-3<\/td>\n<\/tr>\n<tr>\n<td width=\"43\">33.<\/td>\n<td width=\"173\">Tatjana Ivanovi\u0107-Pavlinovi\u0107<\/td>\n<td width=\"149\">Razredna nastava<\/td>\n<td width=\"149\">4-1<\/td>\n<\/tr>\n<tr>\n<td width=\"43\">34.<\/td>\n<td width=\"173\">Sanela Ljumanovi\u0107<\/td>\n<td width=\"149\">Razredna nastava<\/td>\n<td width=\"149\">4-2<\/td>\n<\/tr>\n<tr>\n<td width=\"43\">35.<\/td>\n<td width=\"173\">Bojana Kozomara<\/td>\n<td width=\"149\">Razredna nastava<\/td>\n<td width=\"149\">4-3<\/td>\n<\/tr>\n<tr>\n<td width=\"43\">36.<\/td>\n<td width=\"173\">Nihada Hala\u010d<\/td>\n<td width=\"149\">Razredna nastava<\/td>\n<td width=\"149\">5-1<\/td>\n<\/tr>\n<tr>\n<td width=\"43\">37.<\/td>\n<td width=\"173\">Edina Ahmethod\u017ei\u0107<\/td>\n<td width=\"149\">Razredna nastava<\/td>\n<td width=\"149\">5-2<\/td>\n<\/tr>\n<tr>\n<td width=\"43\">38.<\/td>\n<td width=\"173\">Mersiha Rogo<\/td>\n<td width=\"149\">Razredna nastava<\/td>\n<td width=\"149\">5-3<\/td>\n<\/tr>\n<\/tbody>\n<\/table>\n","protected":false},"excerpt":{"rendered":"<p>&nbsp; IME I PREZIME PREDMET RAZREDNIK 1. \u00a0Nada Gli\u0161i\u0107 BHS jezik i knji\u017eevnost 9-2 2. Eldina Bruli\u0107-Sorgu\u010d BHS jezik i knji\u017eevnost 7-1 3. Merita<\/p>\n","protected":false},"author":2,"featured_media":0,"parent":0,"menu_order":0,"comment_status":"closed","ping_status":"closed","template":"","meta":[],"yoast_head":"<!-- This site is optimized with the Yoast SEO plugin v17.3 - https:\/\/yoast.com\/wordpress\/plugins\/seo\/ -->\n<title>Nastavno osoblje - Osnovna \u0161kola &quot;Osman Naka\u0161&quot;<\/title>\n<meta name=\"robots\" content=\"index, follow, max-snippet:-1, max-image-preview:large, max-video-preview:-1\" \/>\n<link rel=\"canonical\" href=\"https:\/\/osonakas.edu.ba\/?page_id=810\" \/>\n<meta property=\"og:locale\" content=\"bs_BA\" \/>\n<meta property=\"og:type\" content=\"article\" \/>\n<meta property=\"og:title\" content=\"Nastavno osoblje - Osnovna \u0161kola &quot;Osman Naka\u0161&quot;\" \/>\n<meta property=\"og:description\" content=\"&nbsp; IME I PREZIME PREDMET RAZREDNIK 1. \u00a0Nada Gli\u0161i\u0107 BHS jezik i knji\u017eevnost 9-2 2. Eldina Bruli\u0107-Sorgu\u010d BHS jezik i knji\u017eevnost 7-1 3. Merita\" \/>\n<meta property=\"og:url\" content=\"https:\/\/osonakas.edu.ba\/?page_id=810\" \/>\n<meta property=\"og:site_name\" content=\"Osnovna \u0161kola &quot;Osman Naka\u0161&quot;\" \/>\n<meta property=\"article:modified_time\" content=\"2022-11-07T08:59:55+00:00\" \/>\n<meta name=\"twitter:card\" content=\"summary_large_image\" \/>\n<meta name=\"twitter:label1\" content=\"Est. reading time\" \/>\n\t<meta name=\"twitter:data1\" content=\"1 minuta\" \/>\n<script type=\"application\/ld+json\" class=\"yoast-schema-graph\">{\"@context\":\"https:\/\/schema.org\",\"@graph\":[{\"@type\":\"WebSite\",\"@id\":\"https:\/\/osonakas.edu.ba\/#website\",\"url\":\"https:\/\/osonakas.edu.ba\/\",\"name\":\"Osnovna \\u0161kola &quot;Osman Naka\\u0161&quot;\",\"description\":\"Ne u\\u010dimo za \\u0161kolu, nego za \\u017eivot.\",\"potentialAction\":[{\"@type\":\"SearchAction\",\"target\":{\"@type\":\"EntryPoint\",\"urlTemplate\":\"https:\/\/osonakas.edu.ba\/?s={search_term_string}\"},\"query-input\":\"required name=search_term_string\"}],\"inLanguage\":\"bs-BA\"},{\"@type\":\"WebPage\",\"@id\":\"https:\/\/osonakas.edu.ba\/?page_id=810#webpage\",\"url\":\"https:\/\/osonakas.edu.ba\/?page_id=810\",\"name\":\"Nastavno osoblje - Osnovna \\u0161kola &quot;Osman Naka\\u0161&quot;\",\"isPartOf\":{\"@id\":\"https:\/\/osonakas.edu.ba\/#website\"},\"datePublished\":\"2021-10-15T10:07:24+00:00\",\"dateModified\":\"2022-11-07T08:59:55+00:00\",\"breadcrumb\":{\"@id\":\"https:\/\/osonakas.edu.ba\/?page_id=810#breadcrumb\"},\"inLanguage\":\"bs-BA\",\"potentialAction\":[{\"@type\":\"ReadAction\",\"target\":[\"https:\/\/osonakas.edu.ba\/?page_id=810\"]}]},{\"@type\":\"BreadcrumbList\",\"@id\":\"https:\/\/osonakas.edu.ba\/?page_id=810#breadcrumb\",\"itemListElement\":[{\"@type\":\"ListItem\",\"position\":1,\"name\":\"Dom\",\"item\":\"https:\/\/osonakas.edu.ba\/\"},{\"@type\":\"ListItem\",\"position\":2,\"name\":\"Nastavno osoblje\"}]}]}<\/script>\n<!-- \/ Yoast SEO plugin. -->","yoast_head_json":{"title":"Nastavno osoblje - Osnovna \u0161kola &quot;Osman Naka\u0161&quot;","robots":{"index":"index","follow":"follow","max-snippet":"max-snippet:-1","max-image-preview":"max-image-preview:large","max-video-preview":"max-video-preview:-1"},"canonical":"https:\/\/osonakas.edu.ba\/?page_id=810","og_locale":"bs_BA","og_type":"article","og_title":"Nastavno osoblje - Osnovna \u0161kola &quot;Osman Naka\u0161&quot;","og_description":"&nbsp; IME I PREZIME PREDMET RAZREDNIK 1. \u00a0Nada Gli\u0161i\u0107 BHS jezik i knji\u017eevnost 9-2 2. Eldina Bruli\u0107-Sorgu\u010d BHS jezik i knji\u017eevnost 7-1 3. Merita","og_url":"https:\/\/osonakas.edu.ba\/?page_id=810","og_site_name":"Osnovna \u0161kola &quot;Osman Naka\u0161&quot;","article_modified_time":"2022-11-07T08:59:55+00:00","twitter_card":"summary_large_image","twitter_misc":{"Est. reading time":"1 minuta"},"schema":{"@context":"https:\/\/schema.org","@graph":[{"@type":"WebSite","@id":"https:\/\/osonakas.edu.ba\/#website","url":"https:\/\/osonakas.edu.ba\/","name":"Osnovna \u0161kola &quot;Osman Naka\u0161&quot;","description":"Ne u\u010dimo za \u0161kolu, nego za \u017eivot.","potentialAction":[{"@type":"SearchAction","target":{"@type":"EntryPoint","urlTemplate":"https:\/\/osonakas.edu.ba\/?s={search_term_string}"},"query-input":"required name=search_term_string"}],"inLanguage":"bs-BA"},{"@type":"WebPage","@id":"https:\/\/osonakas.edu.ba\/?page_id=810#webpage","url":"https:\/\/osonakas.edu.ba\/?page_id=810","name":"Nastavno osoblje - Osnovna \u0161kola &quot;Osman Naka\u0161&quot;","isPartOf":{"@id":"https:\/\/osonakas.edu.ba\/#website"},"datePublished":"2021-10-15T10:07:24+00:00","dateModified":"2022-11-07T08:59:55+00:00","breadcrumb":{"@id":"https:\/\/osonakas.edu.ba\/?page_id=810#breadcrumb"},"inLanguage":"bs-BA","potentialAction":[{"@type":"ReadAction","target":["https:\/\/osonakas.edu.ba\/?page_id=810"]}]},{"@type":"BreadcrumbList","@id":"https:\/\/osonakas.edu.ba\/?page_id=810#breadcrumb","itemListElement":[{"@type":"ListItem","position":1,"name":"Dom","item":"https:\/\/osonakas.edu.ba\/"},{"@type":"ListItem","position":2,"name":"Nastavno osoblje"}]}]}},"_links":{"self":[{"href":"https:\/\/osonakas.edu.ba\/index.php?rest_route=\/wp\/v2\/pages\/810"}],"collection":[{"href":"https:\/\/osonakas.edu.ba\/index.php?rest_route=\/wp\/v2\/pages"}],"about":[{"href":"https:\/\/osonakas.edu.ba\/index.php?rest_route=\/wp\/v2\/types\/page"}],"author":[{"embeddable":true,"href":"https:\/\/osonakas.edu.ba\/index.php?rest_route=\/wp\/v2\/users\/2"}],"replies":[{"embeddable":true,"href":"https:\/\/osonakas.edu.ba\/index.php?rest_route=%2Fwp%2Fv2%2Fcomments&post=810"}],"version-history":[{"count":4,"href":"https:\/\/osonakas.edu.ba\/index.php?rest_route=\/wp\/v2\/pages\/810\/revisions"}],"predecessor-version":[{"id":1570,"href":"https:\/\/osonakas.edu.ba\/index.php?rest_route=\/wp\/v2\/pages\/810\/revisions\/1570"}],"wp:attachment":[{"href":"https:\/\/osonakas.edu.ba\/index.php?rest_route=%2Fwp%2Fv2%2Fmedia&parent=810"}],"curies":[{"name":"wp","href":"https:\/\/api.w.org\/{rel}","templated":true}]}}