{"id":51,"date":"2020-12-11T08:02:54","date_gmt":"2020-12-11T08:02:54","guid":{"rendered":"https:\/\/osonakas.edu.ba\/?page_id=51"},"modified":"2026-03-10T09:42:25","modified_gmt":"2026-03-10T08:42:25","slug":"produzeni-boravak","status":"publish","type":"page","link":"https:\/\/osonakas.edu.ba\/?page_id=51","title":{"rendered":"Produ\u017eeni boravak"},"content":{"rendered":"<p style=\"text-align: center;\"><strong><span style=\"color: #ff6600;\">PRODU\u017dENI BORAVAK<\/span><br \/>\n<\/strong><\/p>\n<p style=\"text-align: center;\">Radno vrijeme: od 07:00 do 17:00 sati<\/p>\n<p style=\"text-align: center;\">Ishrana: doru\u010dak, ru\u010dak i u\u017eina<\/p>\n<p style=\"text-align: center;\">Prostor: rad u tri me\u0111usobno povezane prostorije<\/p>\n<p style=\"text-align: center;\"><em>Aktivnosti: igra, likovne i muzi\u010dke radionice i u\u010denje, zada\u0107e<\/em><\/p>\n<p style=\"text-align: center;\">Osoblje: nastavnici razredne nastave, pedagog \u0161kole<\/p>\n<p style=\"text-align: center;\"><a href=\"https:\/\/osonakas-my.sharepoint.com\/:b:\/g\/personal\/edin_djedovic_osonakas_edu_ba\/Ef_0SPi4OzJLhcAsWZlkKYoBFTb2vQKuTWRx7iLaEClMeA?e=PeLVQe\">PROGRAM RADA PRODU\u017dENOG BORAVKA<\/a><\/p>\n<p style=\"text-align: center;\"><a href=\"https:\/\/osonakas-my.sharepoint.com\/:b:\/g\/personal\/skola_osonakas_edu_ba\/IQA8j_xmvcMhQaI1RbVNVkycAaad0BBLZv9M_ESTvtp6NlQ?e=mTmU6Y\">Pravilnik o radu produ\u017eenog boravka<\/a><\/p>\n<p style=\"text-align: center;\"><span style=\"color: #ff9900;\"><strong>Cijena: 140,00 KM* (subvencija ministarstva)<\/strong><\/span><\/p>\n<div id='gallery-1' class='gallery galleryid-51 gallery-columns-4 gallery-size-medium'><figure class='gallery-item'>\n\t\t\t<div class='gallery-icon portrait'>\n\t\t\t\t<a href='https:\/\/osonakas.edu.ba\/?attachment_id=2682'><img width=\"212\" height=\"300\" src=\"https:\/\/osonakas.edu.ba\/wp-content\/uploads\/2024\/10\/Meni-4-212x300.jpg\" class=\"attachment-medium size-medium\" alt=\"\" loading=\"lazy\" srcset=\"https:\/\/osonakas.edu.ba\/wp-content\/uploads\/2024\/10\/Meni-4-212x300.jpg 212w, https:\/\/osonakas.edu.ba\/wp-content\/uploads\/2024\/10\/Meni-4-724x1024.jpg 724w, https:\/\/osonakas.edu.ba\/wp-content\/uploads\/2024\/10\/Meni-4-768x1087.jpg 768w, https:\/\/osonakas.edu.ba\/wp-content\/uploads\/2024\/10\/Meni-4.bmp 826w\" sizes=\"(max-width: 212px) 100vw, 212px\" \/><\/a>\n\t\t\t<\/div><\/figure><figure class='gallery-item'>\n\t\t\t<div class='gallery-icon portrait'>\n\t\t\t\t<a href='https:\/\/osonakas.edu.ba\/?attachment_id=2683'><img width=\"212\" height=\"300\" src=\"https:\/\/osonakas.edu.ba\/wp-content\/uploads\/2024\/10\/Meni-3-212x300.jpg\" class=\"attachment-medium size-medium\" alt=\"\" loading=\"lazy\" srcset=\"https:\/\/osonakas.edu.ba\/wp-content\/uploads\/2024\/10\/Meni-3-212x300.jpg 212w, https:\/\/osonakas.edu.ba\/wp-content\/uploads\/2024\/10\/Meni-3-724x1024.jpg 724w, https:\/\/osonakas.edu.ba\/wp-content\/uploads\/2024\/10\/Meni-3-768x1087.jpg 768w, https:\/\/osonakas.edu.ba\/wp-content\/uploads\/2024\/10\/Meni-3.bmp 826w\" sizes=\"(max-width: 212px) 100vw, 212px\" \/><\/a>\n\t\t\t<\/div><\/figure><figure class='gallery-item'>\n\t\t\t<div class='gallery-icon portrait'>\n\t\t\t\t<a href='https:\/\/osonakas.edu.ba\/?attachment_id=2684'><img width=\"212\" height=\"300\" src=\"https:\/\/osonakas.edu.ba\/wp-content\/uploads\/2024\/10\/Meni-2-212x300.jpg\" class=\"attachment-medium size-medium\" alt=\"\" loading=\"lazy\" srcset=\"https:\/\/osonakas.edu.ba\/wp-content\/uploads\/2024\/10\/Meni-2-212x300.jpg 212w, https:\/\/osonakas.edu.ba\/wp-content\/uploads\/2024\/10\/Meni-2-724x1024.jpg 724w, https:\/\/osonakas.edu.ba\/wp-content\/uploads\/2024\/10\/Meni-2-768x1087.jpg 768w, https:\/\/osonakas.edu.ba\/wp-content\/uploads\/2024\/10\/Meni-2.bmp 826w\" sizes=\"(max-width: 212px) 100vw, 212px\" \/><\/a>\n\t\t\t<\/div><\/figure><figure class='gallery-item'>\n\t\t\t<div class='gallery-icon portrait'>\n\t\t\t\t<a href='https:\/\/osonakas.edu.ba\/?attachment_id=2685'><img width=\"212\" height=\"300\" src=\"https:\/\/osonakas.edu.ba\/wp-content\/uploads\/2024\/10\/Meni-1-212x300.jpg\" class=\"attachment-medium size-medium\" alt=\"\" loading=\"lazy\" srcset=\"https:\/\/osonakas.edu.ba\/wp-content\/uploads\/2024\/10\/Meni-1-212x300.jpg 212w, https:\/\/osonakas.edu.ba\/wp-content\/uploads\/2024\/10\/Meni-1-724x1024.jpg 724w, https:\/\/osonakas.edu.ba\/wp-content\/uploads\/2024\/10\/Meni-1-768x1087.jpg 768w, https:\/\/osonakas.edu.ba\/wp-content\/uploads\/2024\/10\/Meni-1.bmp 826w\" sizes=\"(max-width: 212px) 100vw, 212px\" \/><\/a>\n\t\t\t<\/div><\/figure>\n\t\t<\/div>\n\n<p style=\"text-align: center;\">Roditeljske sastanke odr\u017eavamo svake prve srijede u mjesecu u 17:00 h, vode\u0107i ra\u010duna da se primarno odr\u017ee sastanci vezani za redovan nastavni proces.<\/p>\n<hr \/>\n\n","protected":false},"excerpt":{"rendered":"<p>PRODU\u017dENI BORAVAK Radno vrijeme: od 07:00 do 17:00 sati Ishrana: doru\u010dak, ru\u010dak i u\u017eina Prostor: rad u tri me\u0111usobno povezane prostorije Aktivnosti: igra, likovne<\/p>\n","protected":false},"author":2,"featured_media":143,"parent":0,"menu_order":0,"comment_status":"closed","ping_status":"closed","template":"","meta":[],"yoast_head":"<!-- This site is optimized with the Yoast SEO plugin v17.3 - https:\/\/yoast.com\/wordpress\/plugins\/seo\/ -->\n<title>Produ\u017eeni boravak - Osnovna \u0161kola &quot;Osman Naka\u0161&quot;<\/title>\n<meta name=\"robots\" content=\"index, follow, max-snippet:-1, max-image-preview:large, max-video-preview:-1\" \/>\n<link rel=\"canonical\" href=\"https:\/\/osonakas.edu.ba\/?page_id=51\" \/>\n<meta property=\"og:locale\" content=\"bs_BA\" \/>\n<meta property=\"og:type\" content=\"article\" \/>\n<meta property=\"og:title\" content=\"Produ\u017eeni boravak - Osnovna \u0161kola &quot;Osman Naka\u0161&quot;\" \/>\n<meta property=\"og:description\" content=\"PRODU\u017dENI BORAVAK Radno vrijeme: od 07:00 do 17:00 sati Ishrana: doru\u010dak, ru\u010dak i u\u017eina Prostor: rad u tri me\u0111usobno povezane prostorije Aktivnosti: igra, likovne\" \/>\n<meta property=\"og:url\" content=\"https:\/\/osonakas.edu.ba\/?page_id=51\" \/>\n<meta property=\"og:site_name\" content=\"Osnovna \u0161kola &quot;Osman Naka\u0161&quot;\" \/>\n<meta property=\"article:modified_time\" content=\"2026-03-10T08:42:25+00:00\" \/>\n<meta property=\"og:image\" content=\"https:\/\/osonakas.edu.ba\/wp-content\/uploads\/2020\/12\/PLAKAT.jpg\" \/>\n\t<meta property=\"og:image:width\" content=\"640\" \/>\n\t<meta property=\"og:image:height\" content=\"453\" \/>\n<meta name=\"twitter:card\" content=\"summary_large_image\" \/>\n<meta name=\"twitter:label1\" content=\"Est. reading time\" \/>\n\t<meta name=\"twitter:data1\" content=\"1 minuta\" \/>\n<script type=\"application\/ld+json\" class=\"yoast-schema-graph\">{\"@context\":\"https:\/\/schema.org\",\"@graph\":[{\"@type\":\"WebSite\",\"@id\":\"https:\/\/osonakas.edu.ba\/#website\",\"url\":\"https:\/\/osonakas.edu.ba\/\",\"name\":\"Osnovna \\u0161kola &quot;Osman Naka\\u0161&quot;\",\"description\":\"Ne u\\u010dimo za \\u0161kolu, nego za \\u017eivot.\",\"potentialAction\":[{\"@type\":\"SearchAction\",\"target\":{\"@type\":\"EntryPoint\",\"urlTemplate\":\"https:\/\/osonakas.edu.ba\/?s={search_term_string}\"},\"query-input\":\"required name=search_term_string\"}],\"inLanguage\":\"bs-BA\"},{\"@type\":\"ImageObject\",\"@id\":\"https:\/\/osonakas.edu.ba\/?page_id=51#primaryimage\",\"inLanguage\":\"bs-BA\",\"url\":\"https:\/\/osonakas.edu.ba\/wp-content\/uploads\/2020\/12\/PLAKAT.jpg\",\"contentUrl\":\"https:\/\/osonakas.edu.ba\/wp-content\/uploads\/2020\/12\/PLAKAT.jpg\",\"width\":640,\"height\":453},{\"@type\":\"WebPage\",\"@id\":\"https:\/\/osonakas.edu.ba\/?page_id=51#webpage\",\"url\":\"https:\/\/osonakas.edu.ba\/?page_id=51\",\"name\":\"Produ\\u017eeni boravak - Osnovna \\u0161kola &quot;Osman Naka\\u0161&quot;\",\"isPartOf\":{\"@id\":\"https:\/\/osonakas.edu.ba\/#website\"},\"primaryImageOfPage\":{\"@id\":\"https:\/\/osonakas.edu.ba\/?page_id=51#primaryimage\"},\"datePublished\":\"2020-12-11T08:02:54+00:00\",\"dateModified\":\"2026-03-10T08:42:25+00:00\",\"breadcrumb\":{\"@id\":\"https:\/\/osonakas.edu.ba\/?page_id=51#breadcrumb\"},\"inLanguage\":\"bs-BA\",\"potentialAction\":[{\"@type\":\"ReadAction\",\"target\":[\"https:\/\/osonakas.edu.ba\/?page_id=51\"]}]},{\"@type\":\"BreadcrumbList\",\"@id\":\"https:\/\/osonakas.edu.ba\/?page_id=51#breadcrumb\",\"itemListElement\":[{\"@type\":\"ListItem\",\"position\":1,\"name\":\"Dom\",\"item\":\"https:\/\/osonakas.edu.ba\/\"},{\"@type\":\"ListItem\",\"position\":2,\"name\":\"Produ\\u017eeni boravak\"}]}]}<\/script>\n<!-- \/ Yoast SEO plugin. -->","yoast_head_json":{"title":"Produ\u017eeni boravak - Osnovna \u0161kola &quot;Osman Naka\u0161&quot;","robots":{"index":"index","follow":"follow","max-snippet":"max-snippet:-1","max-image-preview":"max-image-preview:large","max-video-preview":"max-video-preview:-1"},"canonical":"https:\/\/osonakas.edu.ba\/?page_id=51","og_locale":"bs_BA","og_type":"article","og_title":"Produ\u017eeni boravak - Osnovna \u0161kola &quot;Osman Naka\u0161&quot;","og_description":"PRODU\u017dENI BORAVAK Radno vrijeme: od 07:00 do 17:00 sati Ishrana: doru\u010dak, ru\u010dak i u\u017eina Prostor: rad u tri me\u0111usobno povezane prostorije Aktivnosti: igra, likovne","og_url":"https:\/\/osonakas.edu.ba\/?page_id=51","og_site_name":"Osnovna \u0161kola &quot;Osman Naka\u0161&quot;","article_modified_time":"2026-03-10T08:42:25+00:00","og_image":[{"width":640,"height":453,"url":"https:\/\/osonakas.edu.ba\/wp-content\/uploads\/2020\/12\/PLAKAT.jpg","type":"image\/jpeg"}],"twitter_card":"summary_large_image","twitter_misc":{"Est. reading time":"1 minuta"},"schema":{"@context":"https:\/\/schema.org","@graph":[{"@type":"WebSite","@id":"https:\/\/osonakas.edu.ba\/#website","url":"https:\/\/osonakas.edu.ba\/","name":"Osnovna \u0161kola &quot;Osman Naka\u0161&quot;","description":"Ne u\u010dimo za \u0161kolu, nego za \u017eivot.","potentialAction":[{"@type":"SearchAction","target":{"@type":"EntryPoint","urlTemplate":"https:\/\/osonakas.edu.ba\/?s={search_term_string}"},"query-input":"required name=search_term_string"}],"inLanguage":"bs-BA"},{"@type":"ImageObject","@id":"https:\/\/osonakas.edu.ba\/?page_id=51#primaryimage","inLanguage":"bs-BA","url":"https:\/\/osonakas.edu.ba\/wp-content\/uploads\/2020\/12\/PLAKAT.jpg","contentUrl":"https:\/\/osonakas.edu.ba\/wp-content\/uploads\/2020\/12\/PLAKAT.jpg","width":640,"height":453},{"@type":"WebPage","@id":"https:\/\/osonakas.edu.ba\/?page_id=51#webpage","url":"https:\/\/osonakas.edu.ba\/?page_id=51","name":"Produ\u017eeni boravak - Osnovna \u0161kola &quot;Osman Naka\u0161&quot;","isPartOf":{"@id":"https:\/\/osonakas.edu.ba\/#website"},"primaryImageOfPage":{"@id":"https:\/\/osonakas.edu.ba\/?page_id=51#primaryimage"},"datePublished":"2020-12-11T08:02:54+00:00","dateModified":"2026-03-10T08:42:25+00:00","breadcrumb":{"@id":"https:\/\/osonakas.edu.ba\/?page_id=51#breadcrumb"},"inLanguage":"bs-BA","potentialAction":[{"@type":"ReadAction","target":["https:\/\/osonakas.edu.ba\/?page_id=51"]}]},{"@type":"BreadcrumbList","@id":"https:\/\/osonakas.edu.ba\/?page_id=51#breadcrumb","itemListElement":[{"@type":"ListItem","position":1,"name":"Dom","item":"https:\/\/osonakas.edu.ba\/"},{"@type":"ListItem","position":2,"name":"Produ\u017eeni boravak"}]}]}},"_links":{"self":[{"href":"https:\/\/osonakas.edu.ba\/index.php?rest_route=\/wp\/v2\/pages\/51"}],"collection":[{"href":"https:\/\/osonakas.edu.ba\/index.php?rest_route=\/wp\/v2\/pages"}],"about":[{"href":"https:\/\/osonakas.edu.ba\/index.php?rest_route=\/wp\/v2\/types\/page"}],"author":[{"embeddable":true,"href":"https:\/\/osonakas.edu.ba\/index.php?rest_route=\/wp\/v2\/users\/2"}],"replies":[{"embeddable":true,"href":"https:\/\/osonakas.edu.ba\/index.php?rest_route=%2Fwp%2Fv2%2Fcomments&post=51"}],"version-history":[{"count":21,"href":"https:\/\/osonakas.edu.ba\/index.php?rest_route=\/wp\/v2\/pages\/51\/revisions"}],"predecessor-version":[{"id":3003,"href":"https:\/\/osonakas.edu.ba\/index.php?rest_route=\/wp\/v2\/pages\/51\/revisions\/3003"}],"wp:featuredmedia":[{"embeddable":true,"href":"https:\/\/osonakas.edu.ba\/index.php?rest_route=\/wp\/v2\/media\/143"}],"wp:attachment":[{"href":"https:\/\/osonakas.edu.ba\/index.php?rest_route=%2Fwp%2Fv2%2Fmedia&parent=51"}],"curies":[{"name":"wp","href":"https:\/\/api.w.org\/{rel}","templated":true}]}}