{"id":48,"date":"2020-12-11T08:02:54","date_gmt":"2020-12-11T08:02:54","guid":{"rendered":"https:\/\/osonakas.edu.ba\/?page_id=48"},"modified":"2026-04-21T09:26:09","modified_gmt":"2026-04-21T07:26:09","slug":"sekcije","status":"publish","type":"page","link":"https:\/\/osonakas.edu.ba\/?page_id=48","title":{"rendered":"Sekcije"},"content":{"rendered":"<p>&nbsp;<\/p>\n<table width=\"709\">\n<tbody>\n<tr>\n<td width=\"365\"><strong>\u00a0<\/strong><\/p>\n<p><strong>SEKCIJE<\/strong><\/p>\n<p><strong>\u00a0<\/strong><\/td>\n<td width=\"343\"><strong>TERMIN ODRA\u017dAVANJA VANNASTAVNE AKTIVNOSTI<\/strong><\/td>\n<\/tr>\n<tr>\n<td width=\"365\">MERITA \u0160ABETA: DRAMSKA SEKCIJA<\/td>\n<td width=\"343\">Srijeda 09.50-10.40 &#8211; \u00a0I smjena<\/p>\n<p>Ponedjeljak 14.10-14.55 &#8211; II smjena<\/td>\n<\/tr>\n<tr>\n<td width=\"365\">ELDINA BRULI\u0106-SORGU\u010c: NOVINARSKA SEKCIJA<\/td>\n<td width=\"343\">Ponedjeljak:<\/p>\n<p>12:20 \u2013 13:05 &#8211; I smjena<\/p>\n<p>13:20 \u2013 14:05 &#8211; \u00a0II smjena<\/td>\n<\/tr>\n<tr>\n<td width=\"365\">VEDAD HINDIJA: FOLKLORNA SEKCIJA<\/td>\n<td width=\"343\">\u00a0Petak: 12.20-13.20<\/td>\n<\/tr>\n<tr>\n<td width=\"365\">NAIDA AVDOVI\u0106: SEKCIJA ENGLISH CLUB<\/td>\n<td width=\"343\">\u00a0Petak \u00a0\u00a012:20-13:05 &#8211; II smjena<\/td>\n<\/tr>\n<tr>\n<td width=\"365\">MAHIR ZOLOTA: RA\u010cUNARSKA SEKCIJA<\/td>\n<td width=\"343\">\u00a0Ponedjeljak 13:20 Prva sedmica<\/p>\n<p>Ponedjeljak 11:30 Druga sedmica<\/td>\n<\/tr>\n<tr>\n<td width=\"365\">\u0160EJLA KURUD\u017dIJA: ROBOTIKA<\/td>\n<td width=\"343\">Ponedjeljak:<br \/>\n11:30-12:15 &#8211; I smjena<br \/>\n13:20-14:05 \u00ad- II smjena<\/td>\n<\/tr>\n<tr>\n<td width=\"365\">MARIJANA BAGARA: MLADI GEOGRAFI<\/td>\n<td width=\"343\">Srijeda :<\/p>\n<p>9:50-10:35 &#8211; I smjena<\/p>\n<p>16:00-16:45 &#8211; II smjena<\/td>\n<\/tr>\n<tr>\n<td width=\"365\">ELMA D\u017dAKMI\u0106: 1. TEHNI\u010cKA SEKCIJA, 2. SAOBRA\u0106AJNA SEKCIJA<\/td>\n<td width=\"343\">Utorak: 13.20-14.05 -12.20 &#8211; 13.05<\/p>\n<p>Srijeda: 13.20-14.05 &#8211; 12.20 &#8211; 13.05<\/td>\n<\/tr>\n<tr>\n<td width=\"365\">JASMINA HASI\u0106: 1. PRVA POMO\u0106, 2. EKOLO\u0160KA SEKCIJA<\/td>\n<td width=\"343\">Prva pomo\u0107-\u010cetvrtak (12:20-13:05)<br \/>\nEkolo\u0161ka sekcija &#8211; \u010cetvrtak (13:20-14:05)<\/td>\n<\/tr>\n<tr>\n<td width=\"365\">ELIZA SMAJLOVI\u0106-HOR<\/td>\n<td width=\"343\">Prva sedmica: Ponedjeljak od 17:40 do 18:25<\/p>\n<p>Druga sedmica:Petak od 14:10 do 14.55<\/td>\n<\/tr>\n<tr>\n<td width=\"365\">\u017dELJKO ALEKSI\u0106: ODBOJKA\u0160KA SEKCIJA<\/td>\n<td width=\"343\">Prva smjena: \u010cetvrtak od 11:30 do 12:15<\/p>\n<p>Druga smjena: Srijeda od 17:40 do 18:25<\/td>\n<\/tr>\n<tr>\n<td width=\"365\">AJ\u0160A HASKOVI\u0106: SPORTSKA SEKCIJA<\/td>\n<td width=\"343\">\u00a0 \u010cETVRTAK<\/p>\n<p>Prva smjena: 08:00 &#8211; 08:45<br \/>\nDruga smjena: 17:40 \u2013 18:25<\/td>\n<\/tr>\n<tr>\n<td width=\"365\">BOJANA KOZOMARA: PLESNA SEKCIJA<\/td>\n<td width=\"343\">Prva smjena: 10 : 40 \u2013 11 : 25<\/p>\n<p>Druga smjena:12 : 20 \u2013 13: 05<\/td>\n<\/tr>\n<tr>\n<td width=\"365\">TATJANA IVANOVI\u0106-PAVLINOVI\u0106: \u0160KOLSKA SAOBRA\u0106AJNA PATROLA<\/td>\n<td width=\"343\">\u010cetvrtak 12.20 \u2013 13.05<\/td>\n<\/tr>\n<tr>\n<td width=\"365\">SANELA LJUMANOVI\u0106: RTV \u0160KOLARAC<\/td>\n<td width=\"343\">\u00a0Ponedjeljak 10:40-11:25 &#8211; I smjena<\/td>\n<\/tr>\n<tr>\n<td width=\"365\">NIHADA HALA\u010c: \u0160AH<\/td>\n<td width=\"343\">\u00a0Ponedjeljak i \u010detvrtak u 12.20h \u2013 II smjena<\/td>\n<\/tr>\n<tr>\n<td width=\"365\">EDINA AHMETHOD\u017dI\u0106: DRAMSKA MLA\u0110I UZRAST<\/td>\n<td width=\"343\">\u010cetvrtak<\/p>\n<p>Prva smjena 11:30 \u2013 12:15<\/p>\n<p>Druga smjena 12:20 \u2013 13:05<\/p>\n<p>&nbsp;<\/td>\n<\/tr>\n<tr>\n<td width=\"365\">MERSIHA ROGO: MALI HOR<\/td>\n<td width=\"343\">Utorak<\/p>\n<p>Prva smjena 11:30 \u2013 12:15<\/p>\n<p>Druga smjena 12:20 \u2013 13:05<\/td>\n<\/tr>\n<tr>\n<td width=\"365\">LEJLA GORO: LITERARNO-RECITATORSKA SEKCIJA<\/td>\n<td width=\"343\">Druga smjena<\/p>\n<p>Ponedjeljak od 13.20h do 14.05h<\/td>\n<\/tr>\n<tr>\n<td width=\"365\">D\u017dENITA OSMANBEGOVI\u0106: DOMOVINA MOJA<\/td>\n<td width=\"343\">\u00a0Utorak\u00a0 12:15h \u2013 13:15h &#8211; I smjena<\/td>\n<\/tr>\n<\/tbody>\n<\/table>\n<p>&nbsp;<\/p>\n<table width=\"709\">\n<tbody>\n<tr>\n<td width=\"435\"><strong>\u00a0<\/strong><\/p>\n<p><strong>DOPUNSKA NASTAVA<\/strong><\/p>\n<p><strong>\u00a0<\/strong><\/td>\n<td width=\"274\"><strong>TERMIN ODRA\u017dAVANJA DOPUNSKE NASTAVE<\/strong><\/td>\n<\/tr>\n<tr>\n<td width=\"435\">MERITA \u0160ABETA &#8211; BHS JEZIK I KNJI\u017dEVNOST<\/p>\n<p>&nbsp;<\/td>\n<td width=\"274\">\u00a0I smjena 14.10-14.55 Petak<\/p>\n<p>II smjena 11.30-12.45 Petak<\/td>\n<\/tr>\n<tr>\n<td width=\"435\">ELDINA BRULI\u0106-SORGU\u010c- BHS JEZIK I KNJI\u017dEVNOST<\/p>\n<p>&nbsp;<\/td>\n<td width=\"274\">Srijeda:<\/p>\n<p>1. \u00a0smjena 13:20 &#8211; 14:05<\/p>\n<p>2. smjena 12:20 \u2013 13:05<\/p>\n<p>&nbsp;<\/td>\n<\/tr>\n<tr>\n<td width=\"435\">NADA GLI\u0160I\u0106- BHS JEZIK I KNJI\u017dEVNOST<\/p>\n<p>&nbsp;<\/td>\n<td width=\"274\">Ponedjeljak, 1.smjena : 13: 20 \u2013 14:55<\/td>\n<\/tr>\n<tr>\n<td width=\"435\">NAIDA AVDOVI\u0106: ENGLESKI JEZIK<\/p>\n<p>&nbsp;<\/td>\n<td width=\"274\">\u00a0Utorak (prva smjena) 11:25-12:15<\/p>\n<p>\u010cetvrtak (druga smjena) 12:20-13:05<\/td>\n<\/tr>\n<tr>\n<td width=\"435\">AMINA HASANBEGOVI\u0106- MATEMATIKA<\/p>\n<p>&nbsp;<\/td>\n<td width=\"274\">\u00a0\u010cetvrtak, prva smjena 14:10 \u2013 14:55<\/p>\n<p>\u010cetvrtak, druga smjena 11:30 \u2013 12:15<\/td>\n<\/tr>\n<tr>\n<td width=\"435\">D\u017dEJRAN HAJDARPA\u0160I\u0106- NJEMA\u010cKI JEZIK<\/p>\n<p>&nbsp;<\/td>\n<td width=\"274\">Petak 12:20 \/ 13:20<\/td>\n<\/tr>\n<tr>\n<td width=\"435\">SANELA LJUMANOVI\u0106- ZA U\u010cENIKE II-1, II-2, II-3<\/p>\n<p>&nbsp;<\/td>\n<td width=\"274\">\u00a0Utorak, prva smjena: 10:40-11:25<\/p>\n<p>Petak, druga smjena: 16:00-16:45<\/td>\n<\/tr>\n<tr>\n<td width=\"435\">NIHADA HALA\u010c- ZA U\u010cENIKE III-1, III-2, III-3<\/p>\n<p>&nbsp;<\/td>\n<td width=\"274\">Utorak &#8211; Prva smjena 11:30 \u2013 12:15<\/p>\n<p>Druga smjena 12:20 \u2013 13:05<\/td>\n<\/tr>\n<tr>\n<td width=\"435\">MELIHA HAD\u017dIALIJAGI\u0106- ZA U\u010cENIKE IV-1, IV-2, IV-3-MATEMATIKA<\/p>\n<p>&nbsp;<\/td>\n<td width=\"274\">Srijeda II smjena<\/p>\n<p>od 12:20 \u2013 13:05<\/td>\n<\/tr>\n<tr>\n<td width=\"435\">ANESA OMANOVI\u0106- ZA U\u010cENIKE IV-1, IV-2, IV-3-BHS<\/p>\n<p>&nbsp;<\/td>\n<td width=\"274\">Utorak, 12.20-13:05,druga smjena<\/td>\n<\/tr>\n<tr>\n<td width=\"435\">AMINA JABU\u010cAR- ZA U\u010cENIKE V-1, V-2, V-3-MATEMATIKA<\/p>\n<p>&nbsp;<\/td>\n<td width=\"274\">Srijeda u 10:40 kad sam druga smjena<\/td>\n<\/tr>\n<tr>\n<td width=\"435\">ALMIRA HOMARAC- ZA U\u010cENIKE V-1, V-2, V-3-BHS<\/p>\n<p>&nbsp;<\/td>\n<td width=\"274\">\u00a0Petak 12:20h<\/td>\n<\/tr>\n<\/tbody>\n<\/table>\n<p>&nbsp;<\/p>\n<table width=\"699\">\n<tbody>\n<tr>\n<td width=\"378\"><strong>\u00a0<\/strong><\/p>\n<p><strong>DODATNA NASTAVA<\/strong><\/td>\n<td width=\"321\">TERMIN ODRA\u017dAVANJA DODATNE NASTAVE<\/td>\n<\/tr>\n<tr>\n<td width=\"378\">NADA GLI\u0160I\u0106- BHS JEZIK I KNJI\u017dEVNOST<\/p>\n<p><strong>\u00a0<\/strong><\/td>\n<td width=\"321\">\u00a0\u010cetvrtak,<\/p>\n<p>14: 10 \u2013 14: 55 &#8211; I smjena<\/p>\n<p>11: 30 \u2013 12: 15 \u2013 II smjena<\/td>\n<\/tr>\n<tr>\n<td width=\"378\">VEDAD HINDIJA- ENGLESKI JEZIK<\/p>\n<p><strong>\u00a0<\/strong><\/td>\n<td width=\"321\">\u00a0Petak: 8:00h<\/td>\n<\/tr>\n<tr>\n<td width=\"378\">AIDA SIVI\u0106 -BABI\u0106- ENGLESKI JEZIK<\/p>\n<p><strong>\u00a0<\/strong><\/td>\n<td width=\"321\">\u00a0Ponedjeljak 13:20 &#8211; I smjena<\/p>\n<p>Ponedjeljak 12:20\u00a0&#8211; \u00a0II smjena<\/td>\n<\/tr>\n<tr>\n<td width=\"378\">LEJLA MASLO- MATEMATIKA<\/p>\n<p><strong>\u00a0<\/strong><\/td>\n<td width=\"321\">\u00a0Srijeda \u00a08:00-8.45 &#8211; I smjena<br \/>\nSrijeda \u00a017:40-18:25 &#8211; II smjena<\/td>\n<\/tr>\n<tr>\n<td width=\"378\">\u0160EMSA \u0106UPRIJA &#8211; ISLAMSKA VJERONAUKA<\/td>\n<td width=\"321\">\u00a0 Utorak \u00a011:30-12:15 \u2013 I smjena<\/p>\n<p>Utorak \u00a014:10-15:55 \u2013 II smjena<\/td>\n<\/tr>\n<tr>\n<td width=\"378\">AMINA HASANBEGOVI\u0106 :MATEMATIKA<\/p>\n<p><strong>\u00a0<\/strong><\/td>\n<td width=\"321\">\u00a0Utorak \u00a015:10 \u2013 15:55 &#8211; I smjena<\/p>\n<p>\u010cetvrtak 11:30 \u2013 12:15 &#8211; II smjena<\/td>\n<\/tr>\n<tr>\n<td width=\"378\">VILDANA TUCAKOVI\u0106- NJEMA\u010cKI JEZIK<\/p>\n<p><strong>\u00a0<\/strong><\/td>\n<td width=\"321\">\u00a0Srijeda (08:00 \u2013 08:45) Prva smjena<\/p>\n<p>Utorak (10:40 \u2013 11:25) Druga smjena<\/td>\n<\/tr>\n<tr>\n<td width=\"378\">MARIJANA BAGARA- GEOGRAFIJA<\/p>\n<p><strong>\u00a0<\/strong><\/td>\n<td width=\"321\">Ponedjeljak<\/p>\n<p>10:40-11:25 &#8211; I smjena<\/p>\n<p>14:10-14:55 &#8211; I smjena<\/td>\n<\/tr>\n<tr>\n<td width=\"378\">AMIR CERO- FIZIKA<strong>\u00a0<\/strong><\/td>\n<td width=\"321\">\u00a0Utorak<\/p>\n<p>12:20-13:05 &#8211; I smjena<\/p>\n<p>13:20-14:05 &#8211; II smjena<\/td>\n<\/tr>\n<tr>\n<td width=\"378\">AMELA MAHMUTOVI\u0106-HEMIJA<\/p>\n<p><strong>\u00a0<\/strong><\/td>\n<td width=\"321\">Petak\u00a0 8:00 &#8211; \u00a08:45 &#8211; I smjena<\/p>\n<p>Petak 17:40 \u2013 18:25 &#8211; II smjena<\/p>\n<p>&nbsp;<\/td>\n<\/tr>\n<\/tbody>\n<\/table>\n<p>&nbsp;<\/p>\n","protected":false},"excerpt":{"rendered":"<p>&nbsp; \u00a0 SEKCIJE \u00a0 TERMIN ODRA\u017dAVANJA VANNASTAVNE AKTIVNOSTI MERITA \u0160ABETA: DRAMSKA SEKCIJA Srijeda 09.50-10.40 &#8211; \u00a0I smjena Ponedjeljak 14.10-14.55 &#8211; II smjena ELDINA BRULI\u0106-SORGU\u010c:<\/p>\n","protected":false},"author":2,"featured_media":0,"parent":0,"menu_order":0,"comment_status":"closed","ping_status":"closed","template":"","meta":[],"yoast_head":"<!-- This site is optimized with the Yoast SEO plugin v17.3 - https:\/\/yoast.com\/wordpress\/plugins\/seo\/ -->\n<title>Sekcije - Osnovna \u0161kola &quot;Osman Naka\u0161&quot;<\/title>\n<meta name=\"robots\" content=\"index, follow, max-snippet:-1, max-image-preview:large, max-video-preview:-1\" \/>\n<link rel=\"canonical\" href=\"https:\/\/osonakas.edu.ba\/?page_id=48\" \/>\n<meta property=\"og:locale\" content=\"bs_BA\" \/>\n<meta property=\"og:type\" content=\"article\" \/>\n<meta property=\"og:title\" content=\"Sekcije - Osnovna \u0161kola &quot;Osman Naka\u0161&quot;\" \/>\n<meta property=\"og:description\" content=\"&nbsp; \u00a0 SEKCIJE \u00a0 TERMIN ODRA\u017dAVANJA VANNASTAVNE AKTIVNOSTI MERITA \u0160ABETA: DRAMSKA SEKCIJA Srijeda 09.50-10.40 &#8211; \u00a0I smjena Ponedjeljak 14.10-14.55 &#8211; II smjena ELDINA BRULI\u0106-SORGU\u010c:\" \/>\n<meta property=\"og:url\" content=\"https:\/\/osonakas.edu.ba\/?page_id=48\" \/>\n<meta property=\"og:site_name\" content=\"Osnovna \u0161kola &quot;Osman Naka\u0161&quot;\" \/>\n<meta property=\"article:modified_time\" content=\"2026-04-21T07:26:09+00:00\" \/>\n<meta name=\"twitter:card\" content=\"summary_large_image\" \/>\n<meta name=\"twitter:label1\" content=\"Est. reading time\" \/>\n\t<meta name=\"twitter:data1\" content=\"3 minute\" \/>\n<script type=\"application\/ld+json\" class=\"yoast-schema-graph\">{\"@context\":\"https:\/\/schema.org\",\"@graph\":[{\"@type\":\"WebSite\",\"@id\":\"https:\/\/osonakas.edu.ba\/#website\",\"url\":\"https:\/\/osonakas.edu.ba\/\",\"name\":\"Osnovna \\u0161kola &quot;Osman Naka\\u0161&quot;\",\"description\":\"Ne u\\u010dimo za \\u0161kolu, nego za \\u017eivot.\",\"potentialAction\":[{\"@type\":\"SearchAction\",\"target\":{\"@type\":\"EntryPoint\",\"urlTemplate\":\"https:\/\/osonakas.edu.ba\/?s={search_term_string}\"},\"query-input\":\"required name=search_term_string\"}],\"inLanguage\":\"bs-BA\"},{\"@type\":\"WebPage\",\"@id\":\"https:\/\/osonakas.edu.ba\/?page_id=48#webpage\",\"url\":\"https:\/\/osonakas.edu.ba\/?page_id=48\",\"name\":\"Sekcije - Osnovna \\u0161kola &quot;Osman Naka\\u0161&quot;\",\"isPartOf\":{\"@id\":\"https:\/\/osonakas.edu.ba\/#website\"},\"datePublished\":\"2020-12-11T08:02:54+00:00\",\"dateModified\":\"2026-04-21T07:26:09+00:00\",\"breadcrumb\":{\"@id\":\"https:\/\/osonakas.edu.ba\/?page_id=48#breadcrumb\"},\"inLanguage\":\"bs-BA\",\"potentialAction\":[{\"@type\":\"ReadAction\",\"target\":[\"https:\/\/osonakas.edu.ba\/?page_id=48\"]}]},{\"@type\":\"BreadcrumbList\",\"@id\":\"https:\/\/osonakas.edu.ba\/?page_id=48#breadcrumb\",\"itemListElement\":[{\"@type\":\"ListItem\",\"position\":1,\"name\":\"Dom\",\"item\":\"https:\/\/osonakas.edu.ba\/\"},{\"@type\":\"ListItem\",\"position\":2,\"name\":\"Sekcije\"}]}]}<\/script>\n<!-- \/ Yoast SEO plugin. -->","yoast_head_json":{"title":"Sekcije - Osnovna \u0161kola &quot;Osman Naka\u0161&quot;","robots":{"index":"index","follow":"follow","max-snippet":"max-snippet:-1","max-image-preview":"max-image-preview:large","max-video-preview":"max-video-preview:-1"},"canonical":"https:\/\/osonakas.edu.ba\/?page_id=48","og_locale":"bs_BA","og_type":"article","og_title":"Sekcije - Osnovna \u0161kola &quot;Osman Naka\u0161&quot;","og_description":"&nbsp; \u00a0 SEKCIJE \u00a0 TERMIN ODRA\u017dAVANJA VANNASTAVNE AKTIVNOSTI MERITA \u0160ABETA: DRAMSKA SEKCIJA Srijeda 09.50-10.40 &#8211; \u00a0I smjena Ponedjeljak 14.10-14.55 &#8211; II smjena ELDINA BRULI\u0106-SORGU\u010c:","og_url":"https:\/\/osonakas.edu.ba\/?page_id=48","og_site_name":"Osnovna \u0161kola &quot;Osman Naka\u0161&quot;","article_modified_time":"2026-04-21T07:26:09+00:00","twitter_card":"summary_large_image","twitter_misc":{"Est. reading time":"3 minute"},"schema":{"@context":"https:\/\/schema.org","@graph":[{"@type":"WebSite","@id":"https:\/\/osonakas.edu.ba\/#website","url":"https:\/\/osonakas.edu.ba\/","name":"Osnovna \u0161kola &quot;Osman Naka\u0161&quot;","description":"Ne u\u010dimo za \u0161kolu, nego za \u017eivot.","potentialAction":[{"@type":"SearchAction","target":{"@type":"EntryPoint","urlTemplate":"https:\/\/osonakas.edu.ba\/?s={search_term_string}"},"query-input":"required name=search_term_string"}],"inLanguage":"bs-BA"},{"@type":"WebPage","@id":"https:\/\/osonakas.edu.ba\/?page_id=48#webpage","url":"https:\/\/osonakas.edu.ba\/?page_id=48","name":"Sekcije - Osnovna \u0161kola &quot;Osman Naka\u0161&quot;","isPartOf":{"@id":"https:\/\/osonakas.edu.ba\/#website"},"datePublished":"2020-12-11T08:02:54+00:00","dateModified":"2026-04-21T07:26:09+00:00","breadcrumb":{"@id":"https:\/\/osonakas.edu.ba\/?page_id=48#breadcrumb"},"inLanguage":"bs-BA","potentialAction":[{"@type":"ReadAction","target":["https:\/\/osonakas.edu.ba\/?page_id=48"]}]},{"@type":"BreadcrumbList","@id":"https:\/\/osonakas.edu.ba\/?page_id=48#breadcrumb","itemListElement":[{"@type":"ListItem","position":1,"name":"Dom","item":"https:\/\/osonakas.edu.ba\/"},{"@type":"ListItem","position":2,"name":"Sekcije"}]}]}},"_links":{"self":[{"href":"https:\/\/osonakas.edu.ba\/index.php?rest_route=\/wp\/v2\/pages\/48"}],"collection":[{"href":"https:\/\/osonakas.edu.ba\/index.php?rest_route=\/wp\/v2\/pages"}],"about":[{"href":"https:\/\/osonakas.edu.ba\/index.php?rest_route=\/wp\/v2\/types\/page"}],"author":[{"embeddable":true,"href":"https:\/\/osonakas.edu.ba\/index.php?rest_route=\/wp\/v2\/users\/2"}],"replies":[{"embeddable":true,"href":"https:\/\/osonakas.edu.ba\/index.php?rest_route=%2Fwp%2Fv2%2Fcomments&post=48"}],"version-history":[{"count":11,"href":"https:\/\/osonakas.edu.ba\/index.php?rest_route=\/wp\/v2\/pages\/48\/revisions"}],"predecessor-version":[{"id":3033,"href":"https:\/\/osonakas.edu.ba\/index.php?rest_route=\/wp\/v2\/pages\/48\/revisions\/3033"}],"wp:attachment":[{"href":"https:\/\/osonakas.edu.ba\/index.php?rest_route=%2Fwp%2Fv2%2Fmedia&parent=48"}],"curies":[{"name":"wp","href":"https:\/\/api.w.org\/{rel}","templated":true}]}}