{"id":2370,"date":"2023-12-06T19:42:44","date_gmt":"2023-12-06T18:42:44","guid":{"rendered":"https:\/\/osonakas.edu.ba\/?page_id=2370"},"modified":"2026-02-19T11:20:46","modified_gmt":"2026-02-19T10:20:46","slug":"irpo","status":"publish","type":"page","link":"https:\/\/osonakas.edu.ba\/?page_id=2370","title":{"rendered":"IRPO"},"content":{"rendered":"<p style=\"text-align: center;\"><strong><a href=\"https:\/\/irpo.ba\/\">INSTITUT ZA RAZVOJ PREDUNIVERZITETSKOG OBRAZOVANJA<\/a><\/strong><\/p>\n<p style=\"text-align: center;\"><a href=\"https:\/\/osonakas-my.sharepoint.com\/:b:\/g\/personal\/skola_osonakas_edu_ba\/EROaGfruHYdEriOMZfcIaCwBF9gBV6xDRKbwcu1ocQAihw?e=aKslDN\">KATALOG TEMA ZA STRU\u010cNA USAVR\u0160AVANJA<\/a><\/p>\n<p style=\"text-align: center;\"><a href=\"https:\/\/osonakas-my.sharepoint.com\/:b:\/g\/personal\/skola_osonakas_edu_ba\/EfG_rQXLSetImGvs1WNEVgQBV6TSl2dZBQb6pg1WoUHocA?e=8FF0vJ\">KATALOG REGISTRIRANIH PROGRAMA<\/a><\/p>\n<p style=\"text-align: center;\"><a href=\"https:\/\/osonakas-my.sharepoint.com\/:b:\/g\/personal\/skola_osonakas_edu_ba\/Eay0sT6t3AhPtNQIGlQVtv8BHL6DpNs9OCyThfFMEdg2yw?e=aK7m7W\">OP\u0106A METODOLOGIJA O REGISTRACIJI VANNASTAVNIH PROGRAMA<\/a><\/p>\n<p>&nbsp;<\/p>\n<p>&nbsp;<\/p>\n","protected":false},"excerpt":{"rendered":"<p>INSTITUT ZA RAZVOJ PREDUNIVERZITETSKOG OBRAZOVANJA KATALOG TEMA ZA STRU\u010cNA USAVR\u0160AVANJA KATALOG REGISTRIRANIH PROGRAMA OP\u0106A METODOLOGIJA O REGISTRACIJI VANNASTAVNIH PROGRAMA &nbsp; &nbsp;<\/p>\n","protected":false},"author":2,"featured_media":0,"parent":0,"menu_order":0,"comment_status":"closed","ping_status":"closed","template":"","meta":[],"yoast_head":"<!-- This site is optimized with the Yoast SEO plugin v17.3 - https:\/\/yoast.com\/wordpress\/plugins\/seo\/ -->\n<title>IRPO - Osnovna \u0161kola &quot;Osman Naka\u0161&quot;<\/title>\n<meta name=\"robots\" content=\"index, follow, max-snippet:-1, max-image-preview:large, max-video-preview:-1\" \/>\n<link rel=\"canonical\" href=\"https:\/\/osonakas.edu.ba\/?page_id=2370\" \/>\n<meta property=\"og:locale\" content=\"bs_BA\" \/>\n<meta property=\"og:type\" content=\"article\" \/>\n<meta property=\"og:title\" content=\"IRPO - Osnovna \u0161kola &quot;Osman Naka\u0161&quot;\" \/>\n<meta property=\"og:description\" content=\"INSTITUT ZA RAZVOJ PREDUNIVERZITETSKOG OBRAZOVANJA KATALOG TEMA ZA STRU\u010cNA USAVR\u0160AVANJA KATALOG REGISTRIRANIH PROGRAMA OP\u0106A METODOLOGIJA O REGISTRACIJI VANNASTAVNIH PROGRAMA &nbsp; &nbsp;\" \/>\n<meta property=\"og:url\" content=\"https:\/\/osonakas.edu.ba\/?page_id=2370\" \/>\n<meta property=\"og:site_name\" content=\"Osnovna \u0161kola &quot;Osman Naka\u0161&quot;\" \/>\n<meta property=\"article:modified_time\" content=\"2026-02-19T10:20:46+00:00\" \/>\n<meta name=\"twitter:card\" content=\"summary_large_image\" \/>\n<meta name=\"twitter:label1\" content=\"Est. reading time\" \/>\n\t<meta name=\"twitter:data1\" content=\"1 minuta\" \/>\n<script type=\"application\/ld+json\" class=\"yoast-schema-graph\">{\"@context\":\"https:\/\/schema.org\",\"@graph\":[{\"@type\":\"WebSite\",\"@id\":\"https:\/\/osonakas.edu.ba\/#website\",\"url\":\"https:\/\/osonakas.edu.ba\/\",\"name\":\"Osnovna \\u0161kola &quot;Osman Naka\\u0161&quot;\",\"description\":\"Ne u\\u010dimo za \\u0161kolu, nego za \\u017eivot.\",\"potentialAction\":[{\"@type\":\"SearchAction\",\"target\":{\"@type\":\"EntryPoint\",\"urlTemplate\":\"https:\/\/osonakas.edu.ba\/?s={search_term_string}\"},\"query-input\":\"required name=search_term_string\"}],\"inLanguage\":\"bs-BA\"},{\"@type\":\"WebPage\",\"@id\":\"https:\/\/osonakas.edu.ba\/?page_id=2370#webpage\",\"url\":\"https:\/\/osonakas.edu.ba\/?page_id=2370\",\"name\":\"IRPO - Osnovna \\u0161kola &quot;Osman Naka\\u0161&quot;\",\"isPartOf\":{\"@id\":\"https:\/\/osonakas.edu.ba\/#website\"},\"datePublished\":\"2023-12-06T18:42:44+00:00\",\"dateModified\":\"2026-02-19T10:20:46+00:00\",\"breadcrumb\":{\"@id\":\"https:\/\/osonakas.edu.ba\/?page_id=2370#breadcrumb\"},\"inLanguage\":\"bs-BA\",\"potentialAction\":[{\"@type\":\"ReadAction\",\"target\":[\"https:\/\/osonakas.edu.ba\/?page_id=2370\"]}]},{\"@type\":\"BreadcrumbList\",\"@id\":\"https:\/\/osonakas.edu.ba\/?page_id=2370#breadcrumb\",\"itemListElement\":[{\"@type\":\"ListItem\",\"position\":1,\"name\":\"Dom\",\"item\":\"https:\/\/osonakas.edu.ba\/\"},{\"@type\":\"ListItem\",\"position\":2,\"name\":\"IRPO\"}]}]}<\/script>\n<!-- \/ Yoast SEO plugin. -->","yoast_head_json":{"title":"IRPO - Osnovna \u0161kola &quot;Osman Naka\u0161&quot;","robots":{"index":"index","follow":"follow","max-snippet":"max-snippet:-1","max-image-preview":"max-image-preview:large","max-video-preview":"max-video-preview:-1"},"canonical":"https:\/\/osonakas.edu.ba\/?page_id=2370","og_locale":"bs_BA","og_type":"article","og_title":"IRPO - Osnovna \u0161kola &quot;Osman Naka\u0161&quot;","og_description":"INSTITUT ZA RAZVOJ PREDUNIVERZITETSKOG OBRAZOVANJA KATALOG TEMA ZA STRU\u010cNA USAVR\u0160AVANJA KATALOG REGISTRIRANIH PROGRAMA OP\u0106A METODOLOGIJA O REGISTRACIJI VANNASTAVNIH PROGRAMA &nbsp; &nbsp;","og_url":"https:\/\/osonakas.edu.ba\/?page_id=2370","og_site_name":"Osnovna \u0161kola &quot;Osman Naka\u0161&quot;","article_modified_time":"2026-02-19T10:20:46+00:00","twitter_card":"summary_large_image","twitter_misc":{"Est. reading time":"1 minuta"},"schema":{"@context":"https:\/\/schema.org","@graph":[{"@type":"WebSite","@id":"https:\/\/osonakas.edu.ba\/#website","url":"https:\/\/osonakas.edu.ba\/","name":"Osnovna \u0161kola &quot;Osman Naka\u0161&quot;","description":"Ne u\u010dimo za \u0161kolu, nego za \u017eivot.","potentialAction":[{"@type":"SearchAction","target":{"@type":"EntryPoint","urlTemplate":"https:\/\/osonakas.edu.ba\/?s={search_term_string}"},"query-input":"required name=search_term_string"}],"inLanguage":"bs-BA"},{"@type":"WebPage","@id":"https:\/\/osonakas.edu.ba\/?page_id=2370#webpage","url":"https:\/\/osonakas.edu.ba\/?page_id=2370","name":"IRPO - Osnovna \u0161kola &quot;Osman Naka\u0161&quot;","isPartOf":{"@id":"https:\/\/osonakas.edu.ba\/#website"},"datePublished":"2023-12-06T18:42:44+00:00","dateModified":"2026-02-19T10:20:46+00:00","breadcrumb":{"@id":"https:\/\/osonakas.edu.ba\/?page_id=2370#breadcrumb"},"inLanguage":"bs-BA","potentialAction":[{"@type":"ReadAction","target":["https:\/\/osonakas.edu.ba\/?page_id=2370"]}]},{"@type":"BreadcrumbList","@id":"https:\/\/osonakas.edu.ba\/?page_id=2370#breadcrumb","itemListElement":[{"@type":"ListItem","position":1,"name":"Dom","item":"https:\/\/osonakas.edu.ba\/"},{"@type":"ListItem","position":2,"name":"IRPO"}]}]}},"_links":{"self":[{"href":"https:\/\/osonakas.edu.ba\/index.php?rest_route=\/wp\/v2\/pages\/2370"}],"collection":[{"href":"https:\/\/osonakas.edu.ba\/index.php?rest_route=\/wp\/v2\/pages"}],"about":[{"href":"https:\/\/osonakas.edu.ba\/index.php?rest_route=\/wp\/v2\/types\/page"}],"author":[{"embeddable":true,"href":"https:\/\/osonakas.edu.ba\/index.php?rest_route=\/wp\/v2\/users\/2"}],"replies":[{"embeddable":true,"href":"https:\/\/osonakas.edu.ba\/index.php?rest_route=%2Fwp%2Fv2%2Fcomments&post=2370"}],"version-history":[{"count":4,"href":"https:\/\/osonakas.edu.ba\/index.php?rest_route=\/wp\/v2\/pages\/2370\/revisions"}],"predecessor-version":[{"id":2993,"href":"https:\/\/osonakas.edu.ba\/index.php?rest_route=\/wp\/v2\/pages\/2370\/revisions\/2993"}],"wp:attachment":[{"href":"https:\/\/osonakas.edu.ba\/index.php?rest_route=%2Fwp%2Fv2%2Fmedia&parent=2370"}],"curies":[{"name":"wp","href":"https:\/\/api.w.org\/{rel}","templated":true}]}}