{"id":2194,"date":"2023-10-25T10:04:46","date_gmt":"2023-10-25T08:04:46","guid":{"rendered":"https:\/\/osonakas.edu.ba\/?page_id=2194"},"modified":"2026-04-16T11:37:10","modified_gmt":"2026-04-16T09:37:10","slug":"skolski-odbor","status":"publish","type":"page","link":"https:\/\/osonakas.edu.ba\/?page_id=2194","title":{"rendered":"\u0160kolski odbor-sjednice"},"content":{"rendered":"<p style=\"text-align: center;\"><a href=\"https:\/\/osonakas-my.sharepoint.com\/:f:\/g\/personal\/skola_osonakas_edu_ba\/EtWwizr2-plDsGu36zyWWiABB68LFFCV44U-6JjMODNM-A?e=Ev9TpW\">SJEDNICE \u0160KOLSKOG ODBORA <\/a><\/p>\n","protected":false},"excerpt":{"rendered":"<p>SJEDNICE \u0160KOLSKOG ODBORA<\/p>\n","protected":false},"author":2,"featured_media":0,"parent":0,"menu_order":0,"comment_status":"closed","ping_status":"closed","template":"","meta":[],"yoast_head":"<!-- This site is optimized with the Yoast SEO plugin v17.3 - https:\/\/yoast.com\/wordpress\/plugins\/seo\/ -->\n<title>\u0160kolski odbor-sjednice - Osnovna \u0161kola &quot;Osman Naka\u0161&quot;<\/title>\n<meta name=\"robots\" content=\"index, follow, max-snippet:-1, max-image-preview:large, max-video-preview:-1\" \/>\n<link rel=\"canonical\" href=\"https:\/\/osonakas.edu.ba\/?page_id=2194\" \/>\n<meta property=\"og:locale\" content=\"bs_BA\" \/>\n<meta property=\"og:type\" content=\"article\" \/>\n<meta property=\"og:title\" content=\"\u0160kolski odbor-sjednice - Osnovna \u0161kola &quot;Osman Naka\u0161&quot;\" \/>\n<meta property=\"og:description\" content=\"SJEDNICE \u0160KOLSKOG ODBORA\" \/>\n<meta property=\"og:url\" content=\"https:\/\/osonakas.edu.ba\/?page_id=2194\" \/>\n<meta property=\"og:site_name\" content=\"Osnovna \u0161kola &quot;Osman Naka\u0161&quot;\" \/>\n<meta property=\"article:modified_time\" content=\"2026-04-16T09:37:10+00:00\" \/>\n<meta name=\"twitter:card\" content=\"summary_large_image\" \/>\n<meta name=\"twitter:label1\" content=\"Est. reading time\" \/>\n\t<meta name=\"twitter:data1\" content=\"1 minuta\" \/>\n<script type=\"application\/ld+json\" class=\"yoast-schema-graph\">{\"@context\":\"https:\/\/schema.org\",\"@graph\":[{\"@type\":\"WebSite\",\"@id\":\"https:\/\/osonakas.edu.ba\/#website\",\"url\":\"https:\/\/osonakas.edu.ba\/\",\"name\":\"Osnovna \\u0161kola &quot;Osman Naka\\u0161&quot;\",\"description\":\"Ne u\\u010dimo za \\u0161kolu, nego za \\u017eivot.\",\"potentialAction\":[{\"@type\":\"SearchAction\",\"target\":{\"@type\":\"EntryPoint\",\"urlTemplate\":\"https:\/\/osonakas.edu.ba\/?s={search_term_string}\"},\"query-input\":\"required name=search_term_string\"}],\"inLanguage\":\"bs-BA\"},{\"@type\":\"WebPage\",\"@id\":\"https:\/\/osonakas.edu.ba\/?page_id=2194#webpage\",\"url\":\"https:\/\/osonakas.edu.ba\/?page_id=2194\",\"name\":\"\\u0160kolski odbor-sjednice - Osnovna \\u0161kola &quot;Osman Naka\\u0161&quot;\",\"isPartOf\":{\"@id\":\"https:\/\/osonakas.edu.ba\/#website\"},\"datePublished\":\"2023-10-25T08:04:46+00:00\",\"dateModified\":\"2026-04-16T09:37:10+00:00\",\"breadcrumb\":{\"@id\":\"https:\/\/osonakas.edu.ba\/?page_id=2194#breadcrumb\"},\"inLanguage\":\"bs-BA\",\"potentialAction\":[{\"@type\":\"ReadAction\",\"target\":[\"https:\/\/osonakas.edu.ba\/?page_id=2194\"]}]},{\"@type\":\"BreadcrumbList\",\"@id\":\"https:\/\/osonakas.edu.ba\/?page_id=2194#breadcrumb\",\"itemListElement\":[{\"@type\":\"ListItem\",\"position\":1,\"name\":\"Dom\",\"item\":\"https:\/\/osonakas.edu.ba\/\"},{\"@type\":\"ListItem\",\"position\":2,\"name\":\"\\u0160kolski odbor-sjednice\"}]}]}<\/script>\n<!-- \/ Yoast SEO plugin. -->","yoast_head_json":{"title":"\u0160kolski odbor-sjednice - Osnovna \u0161kola &quot;Osman Naka\u0161&quot;","robots":{"index":"index","follow":"follow","max-snippet":"max-snippet:-1","max-image-preview":"max-image-preview:large","max-video-preview":"max-video-preview:-1"},"canonical":"https:\/\/osonakas.edu.ba\/?page_id=2194","og_locale":"bs_BA","og_type":"article","og_title":"\u0160kolski odbor-sjednice - Osnovna \u0161kola &quot;Osman Naka\u0161&quot;","og_description":"SJEDNICE \u0160KOLSKOG ODBORA","og_url":"https:\/\/osonakas.edu.ba\/?page_id=2194","og_site_name":"Osnovna \u0161kola &quot;Osman Naka\u0161&quot;","article_modified_time":"2026-04-16T09:37:10+00:00","twitter_card":"summary_large_image","twitter_misc":{"Est. reading time":"1 minuta"},"schema":{"@context":"https:\/\/schema.org","@graph":[{"@type":"WebSite","@id":"https:\/\/osonakas.edu.ba\/#website","url":"https:\/\/osonakas.edu.ba\/","name":"Osnovna \u0161kola &quot;Osman Naka\u0161&quot;","description":"Ne u\u010dimo za \u0161kolu, nego za \u017eivot.","potentialAction":[{"@type":"SearchAction","target":{"@type":"EntryPoint","urlTemplate":"https:\/\/osonakas.edu.ba\/?s={search_term_string}"},"query-input":"required name=search_term_string"}],"inLanguage":"bs-BA"},{"@type":"WebPage","@id":"https:\/\/osonakas.edu.ba\/?page_id=2194#webpage","url":"https:\/\/osonakas.edu.ba\/?page_id=2194","name":"\u0160kolski odbor-sjednice - Osnovna \u0161kola &quot;Osman Naka\u0161&quot;","isPartOf":{"@id":"https:\/\/osonakas.edu.ba\/#website"},"datePublished":"2023-10-25T08:04:46+00:00","dateModified":"2026-04-16T09:37:10+00:00","breadcrumb":{"@id":"https:\/\/osonakas.edu.ba\/?page_id=2194#breadcrumb"},"inLanguage":"bs-BA","potentialAction":[{"@type":"ReadAction","target":["https:\/\/osonakas.edu.ba\/?page_id=2194"]}]},{"@type":"BreadcrumbList","@id":"https:\/\/osonakas.edu.ba\/?page_id=2194#breadcrumb","itemListElement":[{"@type":"ListItem","position":1,"name":"Dom","item":"https:\/\/osonakas.edu.ba\/"},{"@type":"ListItem","position":2,"name":"\u0160kolski odbor-sjednice"}]}]}},"_links":{"self":[{"href":"https:\/\/osonakas.edu.ba\/index.php?rest_route=\/wp\/v2\/pages\/2194"}],"collection":[{"href":"https:\/\/osonakas.edu.ba\/index.php?rest_route=\/wp\/v2\/pages"}],"about":[{"href":"https:\/\/osonakas.edu.ba\/index.php?rest_route=\/wp\/v2\/types\/page"}],"author":[{"embeddable":true,"href":"https:\/\/osonakas.edu.ba\/index.php?rest_route=\/wp\/v2\/users\/2"}],"replies":[{"embeddable":true,"href":"https:\/\/osonakas.edu.ba\/index.php?rest_route=%2Fwp%2Fv2%2Fcomments&post=2194"}],"version-history":[{"count":7,"href":"https:\/\/osonakas.edu.ba\/index.php?rest_route=\/wp\/v2\/pages\/2194\/revisions"}],"predecessor-version":[{"id":3023,"href":"https:\/\/osonakas.edu.ba\/index.php?rest_route=\/wp\/v2\/pages\/2194\/revisions\/3023"}],"wp:attachment":[{"href":"https:\/\/osonakas.edu.ba\/index.php?rest_route=%2Fwp%2Fv2%2Fmedia&parent=2194"}],"curies":[{"name":"wp","href":"https:\/\/api.w.org\/{rel}","templated":true}]}}