{"id":1703,"date":"2023-02-03T10:10:29","date_gmt":"2023-02-03T09:10:29","guid":{"rendered":"https:\/\/osonakas.edu.ba\/?page_id=1703"},"modified":"2023-02-03T11:46:34","modified_gmt":"2023-02-03T10:46:34","slug":"prijava-korupcije","status":"publish","type":"page","link":"https:\/\/osonakas.edu.ba\/?page_id=1703","title":{"rendered":"Prijava korupcije"},"content":{"rendered":"<p style=\"text-align: center;\"><a href=\"https:\/\/forms.office.com\/Pages\/ResponsePage.aspx?id=-a3rp2GgoEap6tbfe57U39ngSvGMdo1Io-96SQY3EIxUOFJaVEJLOUM2NEU0MEJGOURIN0pUWUdIUy4u\">PRIJAVA KORUPCIJE-OBRAZAC ZA POPUNU<\/a><\/p>\n<p>&nbsp;<\/p>\n<p style=\"text-align: center;\"><img loading=\"lazy\" class=\"aligncenter size-medium wp-image-1715\" src=\"https:\/\/osonakas.edu.ba\/wp-content\/uploads\/2023\/02\/QR-kod-za-OBRAZAC-ZA-PRIJAVU-KORUPCIJE-1-300x300.png\" alt=\"\" width=\"300\" height=\"300\" srcset=\"https:\/\/osonakas.edu.ba\/wp-content\/uploads\/2023\/02\/QR-kod-za-OBRAZAC-ZA-PRIJAVU-KORUPCIJE-1-300x300.png 300w, https:\/\/osonakas.edu.ba\/wp-content\/uploads\/2023\/02\/QR-kod-za-OBRAZAC-ZA-PRIJAVU-KORUPCIJE-1-1024x1024.png 1024w, https:\/\/osonakas.edu.ba\/wp-content\/uploads\/2023\/02\/QR-kod-za-OBRAZAC-ZA-PRIJAVU-KORUPCIJE-1-150x150.png 150w, https:\/\/osonakas.edu.ba\/wp-content\/uploads\/2023\/02\/QR-kod-za-OBRAZAC-ZA-PRIJAVU-KORUPCIJE-1-768x768.png 768w, https:\/\/osonakas.edu.ba\/wp-content\/uploads\/2023\/02\/QR-kod-za-OBRAZAC-ZA-PRIJAVU-KORUPCIJE-1-1536x1536.png 1536w, https:\/\/osonakas.edu.ba\/wp-content\/uploads\/2023\/02\/QR-kod-za-OBRAZAC-ZA-PRIJAVU-KORUPCIJE-1.png 1890w\" sizes=\"(max-width: 300px) 100vw, 300px\" \/><\/p>\n","protected":false},"excerpt":{"rendered":"<p>PRIJAVA KORUPCIJE-OBRAZAC ZA POPUNU &nbsp;<\/p>\n","protected":false},"author":2,"featured_media":0,"parent":0,"menu_order":0,"comment_status":"closed","ping_status":"closed","template":"","meta":[],"yoast_head":"<!-- This site is optimized with the Yoast SEO plugin v17.3 - https:\/\/yoast.com\/wordpress\/plugins\/seo\/ -->\n<title>Prijava korupcije - Osnovna \u0161kola &quot;Osman Naka\u0161&quot;<\/title>\n<meta name=\"robots\" content=\"index, follow, max-snippet:-1, max-image-preview:large, max-video-preview:-1\" \/>\n<link rel=\"canonical\" href=\"https:\/\/osonakas.edu.ba\/?page_id=1703\" \/>\n<meta property=\"og:locale\" content=\"bs_BA\" \/>\n<meta property=\"og:type\" content=\"article\" \/>\n<meta property=\"og:title\" content=\"Prijava korupcije - Osnovna \u0161kola &quot;Osman Naka\u0161&quot;\" \/>\n<meta property=\"og:description\" content=\"PRIJAVA KORUPCIJE-OBRAZAC ZA POPUNU &nbsp;\" \/>\n<meta property=\"og:url\" content=\"https:\/\/osonakas.edu.ba\/?page_id=1703\" \/>\n<meta property=\"og:site_name\" content=\"Osnovna \u0161kola &quot;Osman Naka\u0161&quot;\" \/>\n<meta property=\"article:modified_time\" content=\"2023-02-03T10:46:34+00:00\" \/>\n<meta property=\"og:image\" content=\"https:\/\/osonakas.edu.ba\/wp-content\/uploads\/2023\/02\/QR-kod-za-OBRAZAC-ZA-PRIJAVU-KORUPCIJE-1-300x300.png\" \/>\n<meta name=\"twitter:card\" content=\"summary_large_image\" \/>\n<meta name=\"twitter:label1\" content=\"Est. reading time\" \/>\n\t<meta name=\"twitter:data1\" content=\"1 minuta\" \/>\n<script type=\"application\/ld+json\" class=\"yoast-schema-graph\">{\"@context\":\"https:\/\/schema.org\",\"@graph\":[{\"@type\":\"WebSite\",\"@id\":\"https:\/\/osonakas.edu.ba\/#website\",\"url\":\"https:\/\/osonakas.edu.ba\/\",\"name\":\"Osnovna \\u0161kola &quot;Osman Naka\\u0161&quot;\",\"description\":\"Ne u\\u010dimo za \\u0161kolu, nego za \\u017eivot.\",\"potentialAction\":[{\"@type\":\"SearchAction\",\"target\":{\"@type\":\"EntryPoint\",\"urlTemplate\":\"https:\/\/osonakas.edu.ba\/?s={search_term_string}\"},\"query-input\":\"required name=search_term_string\"}],\"inLanguage\":\"bs-BA\"},{\"@type\":\"ImageObject\",\"@id\":\"https:\/\/osonakas.edu.ba\/?page_id=1703#primaryimage\",\"inLanguage\":\"bs-BA\",\"url\":\"https:\/\/osonakas.edu.ba\/wp-content\/uploads\/2023\/02\/QR-kod-za-OBRAZAC-ZA-PRIJAVU-KORUPCIJE-1.png\",\"contentUrl\":\"https:\/\/osonakas.edu.ba\/wp-content\/uploads\/2023\/02\/QR-kod-za-OBRAZAC-ZA-PRIJAVU-KORUPCIJE-1.png\",\"width\":1890,\"height\":1890},{\"@type\":\"WebPage\",\"@id\":\"https:\/\/osonakas.edu.ba\/?page_id=1703#webpage\",\"url\":\"https:\/\/osonakas.edu.ba\/?page_id=1703\",\"name\":\"Prijava korupcije - Osnovna \\u0161kola &quot;Osman Naka\\u0161&quot;\",\"isPartOf\":{\"@id\":\"https:\/\/osonakas.edu.ba\/#website\"},\"primaryImageOfPage\":{\"@id\":\"https:\/\/osonakas.edu.ba\/?page_id=1703#primaryimage\"},\"datePublished\":\"2023-02-03T09:10:29+00:00\",\"dateModified\":\"2023-02-03T10:46:34+00:00\",\"breadcrumb\":{\"@id\":\"https:\/\/osonakas.edu.ba\/?page_id=1703#breadcrumb\"},\"inLanguage\":\"bs-BA\",\"potentialAction\":[{\"@type\":\"ReadAction\",\"target\":[\"https:\/\/osonakas.edu.ba\/?page_id=1703\"]}]},{\"@type\":\"BreadcrumbList\",\"@id\":\"https:\/\/osonakas.edu.ba\/?page_id=1703#breadcrumb\",\"itemListElement\":[{\"@type\":\"ListItem\",\"position\":1,\"name\":\"Dom\",\"item\":\"https:\/\/osonakas.edu.ba\/\"},{\"@type\":\"ListItem\",\"position\":2,\"name\":\"Prijava korupcije\"}]}]}<\/script>\n<!-- \/ Yoast SEO plugin. -->","yoast_head_json":{"title":"Prijava korupcije - Osnovna \u0161kola &quot;Osman Naka\u0161&quot;","robots":{"index":"index","follow":"follow","max-snippet":"max-snippet:-1","max-image-preview":"max-image-preview:large","max-video-preview":"max-video-preview:-1"},"canonical":"https:\/\/osonakas.edu.ba\/?page_id=1703","og_locale":"bs_BA","og_type":"article","og_title":"Prijava korupcije - Osnovna \u0161kola &quot;Osman Naka\u0161&quot;","og_description":"PRIJAVA KORUPCIJE-OBRAZAC ZA POPUNU &nbsp;","og_url":"https:\/\/osonakas.edu.ba\/?page_id=1703","og_site_name":"Osnovna \u0161kola &quot;Osman Naka\u0161&quot;","article_modified_time":"2023-02-03T10:46:34+00:00","og_image":[{"url":"https:\/\/osonakas.edu.ba\/wp-content\/uploads\/2023\/02\/QR-kod-za-OBRAZAC-ZA-PRIJAVU-KORUPCIJE-1-300x300.png"}],"twitter_card":"summary_large_image","twitter_misc":{"Est. reading time":"1 minuta"},"schema":{"@context":"https:\/\/schema.org","@graph":[{"@type":"WebSite","@id":"https:\/\/osonakas.edu.ba\/#website","url":"https:\/\/osonakas.edu.ba\/","name":"Osnovna \u0161kola &quot;Osman Naka\u0161&quot;","description":"Ne u\u010dimo za \u0161kolu, nego za \u017eivot.","potentialAction":[{"@type":"SearchAction","target":{"@type":"EntryPoint","urlTemplate":"https:\/\/osonakas.edu.ba\/?s={search_term_string}"},"query-input":"required name=search_term_string"}],"inLanguage":"bs-BA"},{"@type":"ImageObject","@id":"https:\/\/osonakas.edu.ba\/?page_id=1703#primaryimage","inLanguage":"bs-BA","url":"https:\/\/osonakas.edu.ba\/wp-content\/uploads\/2023\/02\/QR-kod-za-OBRAZAC-ZA-PRIJAVU-KORUPCIJE-1.png","contentUrl":"https:\/\/osonakas.edu.ba\/wp-content\/uploads\/2023\/02\/QR-kod-za-OBRAZAC-ZA-PRIJAVU-KORUPCIJE-1.png","width":1890,"height":1890},{"@type":"WebPage","@id":"https:\/\/osonakas.edu.ba\/?page_id=1703#webpage","url":"https:\/\/osonakas.edu.ba\/?page_id=1703","name":"Prijava korupcije - Osnovna \u0161kola &quot;Osman Naka\u0161&quot;","isPartOf":{"@id":"https:\/\/osonakas.edu.ba\/#website"},"primaryImageOfPage":{"@id":"https:\/\/osonakas.edu.ba\/?page_id=1703#primaryimage"},"datePublished":"2023-02-03T09:10:29+00:00","dateModified":"2023-02-03T10:46:34+00:00","breadcrumb":{"@id":"https:\/\/osonakas.edu.ba\/?page_id=1703#breadcrumb"},"inLanguage":"bs-BA","potentialAction":[{"@type":"ReadAction","target":["https:\/\/osonakas.edu.ba\/?page_id=1703"]}]},{"@type":"BreadcrumbList","@id":"https:\/\/osonakas.edu.ba\/?page_id=1703#breadcrumb","itemListElement":[{"@type":"ListItem","position":1,"name":"Dom","item":"https:\/\/osonakas.edu.ba\/"},{"@type":"ListItem","position":2,"name":"Prijava korupcije"}]}]}},"_links":{"self":[{"href":"https:\/\/osonakas.edu.ba\/index.php?rest_route=\/wp\/v2\/pages\/1703"}],"collection":[{"href":"https:\/\/osonakas.edu.ba\/index.php?rest_route=\/wp\/v2\/pages"}],"about":[{"href":"https:\/\/osonakas.edu.ba\/index.php?rest_route=\/wp\/v2\/types\/page"}],"author":[{"embeddable":true,"href":"https:\/\/osonakas.edu.ba\/index.php?rest_route=\/wp\/v2\/users\/2"}],"replies":[{"embeddable":true,"href":"https:\/\/osonakas.edu.ba\/index.php?rest_route=%2Fwp%2Fv2%2Fcomments&post=1703"}],"version-history":[{"count":9,"href":"https:\/\/osonakas.edu.ba\/index.php?rest_route=\/wp\/v2\/pages\/1703\/revisions"}],"predecessor-version":[{"id":1716,"href":"https:\/\/osonakas.edu.ba\/index.php?rest_route=\/wp\/v2\/pages\/1703\/revisions\/1716"}],"wp:attachment":[{"href":"https:\/\/osonakas.edu.ba\/index.php?rest_route=%2Fwp%2Fv2%2Fmedia&parent=1703"}],"curies":[{"name":"wp","href":"https:\/\/api.w.org\/{rel}","templated":true}]}}