{"id":1432,"date":"2022-09-13T11:34:53","date_gmt":"2022-09-13T09:34:53","guid":{"rendered":"https:\/\/osonakas.edu.ba\/?page_id=1432"},"modified":"2026-04-16T11:11:13","modified_gmt":"2026-04-16T09:11:13","slug":"npip","status":"publish","type":"page","link":"https:\/\/osonakas.edu.ba\/?page_id=1432","title":{"rendered":"NPiP"},"content":{"rendered":"<p style=\"text-align: center;\"><a href=\"https:\/\/mo.ks.gov.ba\/nastavni-planovi\">NASTAVNI PLANOVI I PROGRAMI<\/a><\/p>\n","protected":false},"excerpt":{"rendered":"<p>NASTAVNI PLANOVI I PROGRAMI<\/p>\n","protected":false},"author":2,"featured_media":0,"parent":0,"menu_order":0,"comment_status":"closed","ping_status":"closed","template":"","meta":[],"yoast_head":"<!-- This site is optimized with the Yoast SEO plugin v17.3 - https:\/\/yoast.com\/wordpress\/plugins\/seo\/ -->\n<title>NPiP - Osnovna \u0161kola &quot;Osman Naka\u0161&quot;<\/title>\n<meta name=\"robots\" content=\"index, follow, max-snippet:-1, max-image-preview:large, max-video-preview:-1\" \/>\n<link rel=\"canonical\" href=\"https:\/\/osonakas.edu.ba\/?page_id=1432\" \/>\n<meta property=\"og:locale\" content=\"bs_BA\" \/>\n<meta property=\"og:type\" content=\"article\" \/>\n<meta property=\"og:title\" content=\"NPiP - Osnovna \u0161kola &quot;Osman Naka\u0161&quot;\" \/>\n<meta property=\"og:description\" content=\"NASTAVNI PLANOVI I PROGRAMI\" \/>\n<meta property=\"og:url\" content=\"https:\/\/osonakas.edu.ba\/?page_id=1432\" \/>\n<meta property=\"og:site_name\" content=\"Osnovna \u0161kola &quot;Osman Naka\u0161&quot;\" \/>\n<meta property=\"article:modified_time\" content=\"2026-04-16T09:11:13+00:00\" \/>\n<meta name=\"twitter:card\" content=\"summary_large_image\" \/>\n<meta name=\"twitter:label1\" content=\"Est. reading time\" \/>\n\t<meta name=\"twitter:data1\" content=\"1 minuta\" \/>\n<script type=\"application\/ld+json\" class=\"yoast-schema-graph\">{\"@context\":\"https:\/\/schema.org\",\"@graph\":[{\"@type\":\"WebSite\",\"@id\":\"https:\/\/osonakas.edu.ba\/#website\",\"url\":\"https:\/\/osonakas.edu.ba\/\",\"name\":\"Osnovna \\u0161kola &quot;Osman Naka\\u0161&quot;\",\"description\":\"Ne u\\u010dimo za \\u0161kolu, nego za \\u017eivot.\",\"potentialAction\":[{\"@type\":\"SearchAction\",\"target\":{\"@type\":\"EntryPoint\",\"urlTemplate\":\"https:\/\/osonakas.edu.ba\/?s={search_term_string}\"},\"query-input\":\"required name=search_term_string\"}],\"inLanguage\":\"bs-BA\"},{\"@type\":\"WebPage\",\"@id\":\"https:\/\/osonakas.edu.ba\/?page_id=1432#webpage\",\"url\":\"https:\/\/osonakas.edu.ba\/?page_id=1432\",\"name\":\"NPiP - Osnovna \\u0161kola &quot;Osman Naka\\u0161&quot;\",\"isPartOf\":{\"@id\":\"https:\/\/osonakas.edu.ba\/#website\"},\"datePublished\":\"2022-09-13T09:34:53+00:00\",\"dateModified\":\"2026-04-16T09:11:13+00:00\",\"breadcrumb\":{\"@id\":\"https:\/\/osonakas.edu.ba\/?page_id=1432#breadcrumb\"},\"inLanguage\":\"bs-BA\",\"potentialAction\":[{\"@type\":\"ReadAction\",\"target\":[\"https:\/\/osonakas.edu.ba\/?page_id=1432\"]}]},{\"@type\":\"BreadcrumbList\",\"@id\":\"https:\/\/osonakas.edu.ba\/?page_id=1432#breadcrumb\",\"itemListElement\":[{\"@type\":\"ListItem\",\"position\":1,\"name\":\"Dom\",\"item\":\"https:\/\/osonakas.edu.ba\/\"},{\"@type\":\"ListItem\",\"position\":2,\"name\":\"NPiP\"}]}]}<\/script>\n<!-- \/ Yoast SEO plugin. -->","yoast_head_json":{"title":"NPiP - Osnovna \u0161kola &quot;Osman Naka\u0161&quot;","robots":{"index":"index","follow":"follow","max-snippet":"max-snippet:-1","max-image-preview":"max-image-preview:large","max-video-preview":"max-video-preview:-1"},"canonical":"https:\/\/osonakas.edu.ba\/?page_id=1432","og_locale":"bs_BA","og_type":"article","og_title":"NPiP - Osnovna \u0161kola &quot;Osman Naka\u0161&quot;","og_description":"NASTAVNI PLANOVI I PROGRAMI","og_url":"https:\/\/osonakas.edu.ba\/?page_id=1432","og_site_name":"Osnovna \u0161kola &quot;Osman Naka\u0161&quot;","article_modified_time":"2026-04-16T09:11:13+00:00","twitter_card":"summary_large_image","twitter_misc":{"Est. reading time":"1 minuta"},"schema":{"@context":"https:\/\/schema.org","@graph":[{"@type":"WebSite","@id":"https:\/\/osonakas.edu.ba\/#website","url":"https:\/\/osonakas.edu.ba\/","name":"Osnovna \u0161kola &quot;Osman Naka\u0161&quot;","description":"Ne u\u010dimo za \u0161kolu, nego za \u017eivot.","potentialAction":[{"@type":"SearchAction","target":{"@type":"EntryPoint","urlTemplate":"https:\/\/osonakas.edu.ba\/?s={search_term_string}"},"query-input":"required name=search_term_string"}],"inLanguage":"bs-BA"},{"@type":"WebPage","@id":"https:\/\/osonakas.edu.ba\/?page_id=1432#webpage","url":"https:\/\/osonakas.edu.ba\/?page_id=1432","name":"NPiP - Osnovna \u0161kola &quot;Osman Naka\u0161&quot;","isPartOf":{"@id":"https:\/\/osonakas.edu.ba\/#website"},"datePublished":"2022-09-13T09:34:53+00:00","dateModified":"2026-04-16T09:11:13+00:00","breadcrumb":{"@id":"https:\/\/osonakas.edu.ba\/?page_id=1432#breadcrumb"},"inLanguage":"bs-BA","potentialAction":[{"@type":"ReadAction","target":["https:\/\/osonakas.edu.ba\/?page_id=1432"]}]},{"@type":"BreadcrumbList","@id":"https:\/\/osonakas.edu.ba\/?page_id=1432#breadcrumb","itemListElement":[{"@type":"ListItem","position":1,"name":"Dom","item":"https:\/\/osonakas.edu.ba\/"},{"@type":"ListItem","position":2,"name":"NPiP"}]}]}},"_links":{"self":[{"href":"https:\/\/osonakas.edu.ba\/index.php?rest_route=\/wp\/v2\/pages\/1432"}],"collection":[{"href":"https:\/\/osonakas.edu.ba\/index.php?rest_route=\/wp\/v2\/pages"}],"about":[{"href":"https:\/\/osonakas.edu.ba\/index.php?rest_route=\/wp\/v2\/types\/page"}],"author":[{"embeddable":true,"href":"https:\/\/osonakas.edu.ba\/index.php?rest_route=\/wp\/v2\/users\/2"}],"replies":[{"embeddable":true,"href":"https:\/\/osonakas.edu.ba\/index.php?rest_route=%2Fwp%2Fv2%2Fcomments&post=1432"}],"version-history":[{"count":2,"href":"https:\/\/osonakas.edu.ba\/index.php?rest_route=\/wp\/v2\/pages\/1432\/revisions"}],"predecessor-version":[{"id":3021,"href":"https:\/\/osonakas.edu.ba\/index.php?rest_route=\/wp\/v2\/pages\/1432\/revisions\/3021"}],"wp:attachment":[{"href":"https:\/\/osonakas.edu.ba\/index.php?rest_route=%2Fwp%2Fv2%2Fmedia&parent=1432"}],"curies":[{"name":"wp","href":"https:\/\/api.w.org\/{rel}","templated":true}]}}