{"id":100,"date":"2020-12-11T09:28:02","date_gmt":"2020-12-11T09:28:02","guid":{"rendered":"https:\/\/osonakas.edu.ba\/?page_id=100"},"modified":"2025-12-05T10:39:32","modified_gmt":"2025-12-05T09:39:32","slug":"obrasci-zahtjevi-izjave","status":"publish","type":"page","link":"https:\/\/osonakas.edu.ba\/?page_id=100","title":{"rendered":"Obrasci\/Zahtjevi\/Izjave"},"content":{"rendered":"<p><a href=\"https:\/\/osonakas-my.sharepoint.com\/:b:\/g\/personal\/edin_djedovic_osonakas_edu_ba\/ERIx7mmaxgZJsNKt3B4HBAIBYPQAg_cSZ4fX-EQqNP-Hnw?e=H0eK8Y\">Zahtjev za izmjenu termina pismene provjere znanja<\/a><br \/>\n<a href=\"https:\/\/osonakas-my.sharepoint.com\/:b:\/g\/personal\/edin_djedovic_osonakas_edu_ba\/EUUQyiyvZ8lPvasQtAAOPQ4Bwc_2QC5cQRx3k0ssBHyfXA?e=9Uvs4q\">Izjava\/Zahtjev roditelja za poha\u0111anje online nastave i pravdanje izostanaka<\/a><br \/>\n<a href=\"https:\/\/osonakas-my.sharepoint.com\/:b:\/g\/personal\/edin_djedovic_osonakas_edu_ba\/Ea63Kh49wyNLoffNtIn86zMBVL1iYmfzQI6ZZCoLblTxag?e=1ALcWT\">Poziv nastavnika razredniku za uklju\u010divanje u rje\u0161avanje slu\u010daja<\/a><br \/>\n<a href=\"https:\/\/osonakas-my.sharepoint.com\/:b:\/g\/personal\/edin_djedovic_osonakas_edu_ba\/Eaxnsli9jStEiQ0BDO7pHGYBAlOB3YfQzbK4NGrcWwTkjg?e=uhLdTP\">Poziv pedagogu \u0161kole za uklju\u010divanje u rje\u0161avanje slu\u010daja<\/a><br \/>\n<a href=\"https:\/\/osonakas-my.sharepoint.com\/:w:\/g\/personal\/edin_djedovic_osonakas_edu_ba\/EW4krcSn66FLp1rJ6MlI5BYBp6cn1MkvwhxqOsJ1tv8MwQ?e=jpvLf6\">Izjava\/Zahtjev roditelja za poha\u0111anje online nastave-Word<\/a><\/p>\n<p><a href=\"https:\/\/osonakas-my.sharepoint.com\/:b:\/g\/personal\/edin_djedovic_osonakas_edu_ba\/EfdoPmswbcRFkFu_2Qovk_YBtGSQt_f6haioV5JGU6eQ5w?e=qrs1XI\">Obrazac za izmjenu ocjene\/zaklju\u010dne ocjene-Obrazac 3<\/a><\/p>\n<p><a href=\"https:\/\/forms.office.com\/e\/2gsWx1kCzd\">Obrazac za online prijavu nasilja u \u0161kolskom okru\u017eenju<\/a><\/p>\n<p><a href=\"https:\/\/osonakas-my.sharepoint.com\/:w:\/g\/personal\/skola_osonakas_edu_ba\/EcKy9r2uXgtOlwcLqtvMsRQB1qm9ZaDO1dtt83ICM1fTfg?e=VGdbn3\">Saglasnost roditelja\/staratelja za putovanje u\u010denika 1<\/a><\/p>\n<p><a href=\"https:\/\/osonakas-my.sharepoint.com\/:w:\/g\/personal\/edin_djedovic_osonakas_edu_ba\/EXTB_K8Q7klFsidHHLOcC0UBi8dmltPkLVlZebHj10x40A?e=aA4eHl\">Izjava roditelja\/staratelja<\/a><\/p>\n<p><a href=\"https:\/\/osonakas-my.sharepoint.com\/:b:\/g\/personal\/skola_osonakas_edu_ba\/EY7MmmpXA7pOgGvCgKGKrYYBuP39nS_kf5uU_BeODQvRzQ?e=0wMsPR\">Poziv psihologu \u0161kole za uklju\u010divanje u rje\u0161avanje slu\u010daja<\/a><\/p>\n<p><a href=\"https:\/\/osonakas-my.sharepoint.com\/:b:\/g\/personal\/skola_osonakas_edu_ba\/EYJB9Ecw3ZZNtj7JY5eSTtIBD_98mDfcUuYCtiJu0cfWtA?e=okDV9n\">Poziv socijalnom radniku za uklju\u010divanje u rje\u0161avanje slu\u010daja<\/a><\/p>\n","protected":false},"excerpt":{"rendered":"<p>Zahtjev za izmjenu termina pismene provjere znanja Izjava\/Zahtjev roditelja za poha\u0111anje online nastave i pravdanje izostanaka Poziv nastavnika razredniku za uklju\u010divanje u rje\u0161avanje slu\u010daja<\/p>\n","protected":false},"author":2,"featured_media":0,"parent":0,"menu_order":0,"comment_status":"closed","ping_status":"closed","template":"","meta":[],"yoast_head":"<!-- This site is optimized with the Yoast SEO plugin v17.3 - https:\/\/yoast.com\/wordpress\/plugins\/seo\/ -->\n<title>Obrasci\/Zahtjevi\/Izjave - Osnovna \u0161kola &quot;Osman Naka\u0161&quot;<\/title>\n<meta name=\"robots\" content=\"index, follow, max-snippet:-1, max-image-preview:large, max-video-preview:-1\" \/>\n<link rel=\"canonical\" href=\"https:\/\/osonakas.edu.ba\/?page_id=100\" \/>\n<meta property=\"og:locale\" content=\"bs_BA\" \/>\n<meta property=\"og:type\" content=\"article\" \/>\n<meta property=\"og:title\" content=\"Obrasci\/Zahtjevi\/Izjave - Osnovna \u0161kola &quot;Osman Naka\u0161&quot;\" \/>\n<meta property=\"og:description\" content=\"Zahtjev za izmjenu termina pismene provjere znanja Izjava\/Zahtjev roditelja za poha\u0111anje online nastave i pravdanje izostanaka Poziv nastavnika razredniku za uklju\u010divanje u rje\u0161avanje slu\u010daja\" \/>\n<meta property=\"og:url\" content=\"https:\/\/osonakas.edu.ba\/?page_id=100\" \/>\n<meta property=\"og:site_name\" content=\"Osnovna \u0161kola &quot;Osman Naka\u0161&quot;\" \/>\n<meta property=\"article:modified_time\" content=\"2025-12-05T09:39:32+00:00\" \/>\n<meta name=\"twitter:card\" content=\"summary_large_image\" \/>\n<meta name=\"twitter:label1\" content=\"Est. reading time\" \/>\n\t<meta name=\"twitter:data1\" content=\"1 minuta\" \/>\n<script type=\"application\/ld+json\" class=\"yoast-schema-graph\">{\"@context\":\"https:\/\/schema.org\",\"@graph\":[{\"@type\":\"WebSite\",\"@id\":\"https:\/\/osonakas.edu.ba\/#website\",\"url\":\"https:\/\/osonakas.edu.ba\/\",\"name\":\"Osnovna \\u0161kola &quot;Osman Naka\\u0161&quot;\",\"description\":\"Ne u\\u010dimo za \\u0161kolu, nego za \\u017eivot.\",\"potentialAction\":[{\"@type\":\"SearchAction\",\"target\":{\"@type\":\"EntryPoint\",\"urlTemplate\":\"https:\/\/osonakas.edu.ba\/?s={search_term_string}\"},\"query-input\":\"required name=search_term_string\"}],\"inLanguage\":\"bs-BA\"},{\"@type\":\"WebPage\",\"@id\":\"https:\/\/osonakas.edu.ba\/?page_id=100#webpage\",\"url\":\"https:\/\/osonakas.edu.ba\/?page_id=100\",\"name\":\"Obrasci\/Zahtjevi\/Izjave - Osnovna \\u0161kola &quot;Osman Naka\\u0161&quot;\",\"isPartOf\":{\"@id\":\"https:\/\/osonakas.edu.ba\/#website\"},\"datePublished\":\"2020-12-11T09:28:02+00:00\",\"dateModified\":\"2025-12-05T09:39:32+00:00\",\"breadcrumb\":{\"@id\":\"https:\/\/osonakas.edu.ba\/?page_id=100#breadcrumb\"},\"inLanguage\":\"bs-BA\",\"potentialAction\":[{\"@type\":\"ReadAction\",\"target\":[\"https:\/\/osonakas.edu.ba\/?page_id=100\"]}]},{\"@type\":\"BreadcrumbList\",\"@id\":\"https:\/\/osonakas.edu.ba\/?page_id=100#breadcrumb\",\"itemListElement\":[{\"@type\":\"ListItem\",\"position\":1,\"name\":\"Dom\",\"item\":\"https:\/\/osonakas.edu.ba\/\"},{\"@type\":\"ListItem\",\"position\":2,\"name\":\"Obrasci\/Zahtjevi\/Izjave\"}]}]}<\/script>\n<!-- \/ Yoast SEO plugin. -->","yoast_head_json":{"title":"Obrasci\/Zahtjevi\/Izjave - Osnovna \u0161kola &quot;Osman Naka\u0161&quot;","robots":{"index":"index","follow":"follow","max-snippet":"max-snippet:-1","max-image-preview":"max-image-preview:large","max-video-preview":"max-video-preview:-1"},"canonical":"https:\/\/osonakas.edu.ba\/?page_id=100","og_locale":"bs_BA","og_type":"article","og_title":"Obrasci\/Zahtjevi\/Izjave - Osnovna \u0161kola &quot;Osman Naka\u0161&quot;","og_description":"Zahtjev za izmjenu termina pismene provjere znanja Izjava\/Zahtjev roditelja za poha\u0111anje online nastave i pravdanje izostanaka Poziv nastavnika razredniku za uklju\u010divanje u rje\u0161avanje slu\u010daja","og_url":"https:\/\/osonakas.edu.ba\/?page_id=100","og_site_name":"Osnovna \u0161kola &quot;Osman Naka\u0161&quot;","article_modified_time":"2025-12-05T09:39:32+00:00","twitter_card":"summary_large_image","twitter_misc":{"Est. reading time":"1 minuta"},"schema":{"@context":"https:\/\/schema.org","@graph":[{"@type":"WebSite","@id":"https:\/\/osonakas.edu.ba\/#website","url":"https:\/\/osonakas.edu.ba\/","name":"Osnovna \u0161kola &quot;Osman Naka\u0161&quot;","description":"Ne u\u010dimo za \u0161kolu, nego za \u017eivot.","potentialAction":[{"@type":"SearchAction","target":{"@type":"EntryPoint","urlTemplate":"https:\/\/osonakas.edu.ba\/?s={search_term_string}"},"query-input":"required name=search_term_string"}],"inLanguage":"bs-BA"},{"@type":"WebPage","@id":"https:\/\/osonakas.edu.ba\/?page_id=100#webpage","url":"https:\/\/osonakas.edu.ba\/?page_id=100","name":"Obrasci\/Zahtjevi\/Izjave - Osnovna \u0161kola &quot;Osman Naka\u0161&quot;","isPartOf":{"@id":"https:\/\/osonakas.edu.ba\/#website"},"datePublished":"2020-12-11T09:28:02+00:00","dateModified":"2025-12-05T09:39:32+00:00","breadcrumb":{"@id":"https:\/\/osonakas.edu.ba\/?page_id=100#breadcrumb"},"inLanguage":"bs-BA","potentialAction":[{"@type":"ReadAction","target":["https:\/\/osonakas.edu.ba\/?page_id=100"]}]},{"@type":"BreadcrumbList","@id":"https:\/\/osonakas.edu.ba\/?page_id=100#breadcrumb","itemListElement":[{"@type":"ListItem","position":1,"name":"Dom","item":"https:\/\/osonakas.edu.ba\/"},{"@type":"ListItem","position":2,"name":"Obrasci\/Zahtjevi\/Izjave"}]}]}},"_links":{"self":[{"href":"https:\/\/osonakas.edu.ba\/index.php?rest_route=\/wp\/v2\/pages\/100"}],"collection":[{"href":"https:\/\/osonakas.edu.ba\/index.php?rest_route=\/wp\/v2\/pages"}],"about":[{"href":"https:\/\/osonakas.edu.ba\/index.php?rest_route=\/wp\/v2\/types\/page"}],"author":[{"embeddable":true,"href":"https:\/\/osonakas.edu.ba\/index.php?rest_route=\/wp\/v2\/users\/2"}],"replies":[{"embeddable":true,"href":"https:\/\/osonakas.edu.ba\/index.php?rest_route=%2Fwp%2Fv2%2Fcomments&post=100"}],"version-history":[{"count":20,"href":"https:\/\/osonakas.edu.ba\/index.php?rest_route=\/wp\/v2\/pages\/100\/revisions"}],"predecessor-version":[{"id":2917,"href":"https:\/\/osonakas.edu.ba\/index.php?rest_route=\/wp\/v2\/pages\/100\/revisions\/2917"}],"wp:attachment":[{"href":"https:\/\/osonakas.edu.ba\/index.php?rest_route=%2Fwp%2Fv2%2Fmedia&parent=100"}],"curies":[{"name":"wp","href":"https:\/\/api.w.org\/{rel}","templated":true}]}}